{"id":20451,"date":"2021-01-13T15:37:47","date_gmt":"2021-01-13T13:37:47","guid":{"rendered":"https:\/\/vaasanluonnonravinto.fi\/?post_type=product&#038;p=20451"},"modified":"2026-05-05T21:37:22","modified_gmt":"2026-05-05T18:37:22","slug":"aurinko-d-150mcg-150kaps","status":"publish","type":"product","link":"https:\/\/vaasanluonnonravinto.fi\/sv\/tuote\/aurinko-d-150mcg-150kaps\/","title":{"rendered":"Aurinko D 150mcg 150kaps"},"content":{"rendered":"<h3><strong>Aurinko D pit\u00e4\u00e4 luuston lujana ja vastustuskyvyn valppaana<\/strong><\/h3>\n<p>Aurinko D3-vitamiini hyvin imeytyv\u00e4ss\u00e4 \u00f6ljykapselissa. Turvaa riitt\u00e4v\u00e4 D-vitamiinin saanti, ota hyvin imeytyv\u00e4 Aurinko D.<\/p>\n<ul>\n<li>D-vitamiini edist\u00e4\u00e4 immuunij\u00e4rjestelm\u00e4n normaalia toimintaa<\/li>\n<li>D-vitamiini edist\u00e4\u00e4 kalsiumin ja fosforin normaalia imeytymist\u00e4\/hy\u00f6dynt\u00e4mist\u00e4 ja yll\u00e4pit\u00e4\u00e4 veren normaalia kalsiumin tasoa<\/li>\n<li>D-vitamiini edist\u00e4\u00e4 luiden, hampaiden ja lihastoiminnan pysymist\u00e4 normaalina<\/li>\n<\/ul>\n<p>P\u00e4iv\u00e4ntasaajalla D-vitamiinin oikeasta annoksesta huolehtii auringon ihossa tuottama hormoni kolekalsiferoli eli D3-vitamiini. T\u00e4m\u00e4 luonnollinen annos voi olla jopa 250 mikrogrammaa (\u03bcg) auringonottokertaa kohden. Pohjoisessa <a href=\"https:\/\/www.terveyskaista.fi\/?s=Aurinko+D&amp;post_type=product\">D-vitamiinin<\/a> saanti ihosta toteutuu vain kes\u00e4kuukausina, eik\u00e4 aina silloinkaan pilvisyyden ja suojaavien vaatteiden vuoksi.<\/p>\n","protected":false},"excerpt":{"rendered":"<p>Aurinko D3-vitamiini hyvin imeytyv\u00e4ss\u00e4 \u00f6ljykapselissa. Turvaa riitt\u00e4v\u00e4 D-vitamiinin saanti, ota hyvin imeytyv\u00e4 Aurinko D.<\/p>\n","protected":false},"featured_media":20452,"template":"","meta":{"_acf_changed":false},"product_brand":[],"product_cat":[116,36],"product_tag":[],"class_list":{"0":"post-20451","1":"product","2":"type-product","3":"status-publish","4":"has-post-thumbnail","6":"product_cat-terveyskaista","7":"product_cat-vitamiinit","9":"first","10":"instock","11":"taxable","12":"shipping-taxable","13":"purchasable","14":"product-type-simple"},"acf":[],"_links":{"self":[{"href":"https:\/\/vaasanluonnonravinto.fi\/sv\/wp-json\/wp\/v2\/product\/20451","targetHints":{"allow":["GET"]}}],"collection":[{"href":"https:\/\/vaasanluonnonravinto.fi\/sv\/wp-json\/wp\/v2\/product"}],"about":[{"href":"https:\/\/vaasanluonnonravinto.fi\/sv\/wp-json\/wp\/v2\/types\/product"}],"wp:featuredmedia":[{"embeddable":true,"href":"https:\/\/vaasanluonnonravinto.fi\/sv\/wp-json\/wp\/v2\/media\/20452"}],"wp:attachment":[{"href":"https:\/\/vaasanluonnonravinto.fi\/sv\/wp-json\/wp\/v2\/media?parent=20451"}],"wp:term":[{"taxonomy":"product_brand","embeddable":true,"href":"https:\/\/vaasanluonnonravinto.fi\/sv\/wp-json\/wp\/v2\/product_brand?post=20451"},{"taxonomy":"product_cat","embeddable":true,"href":"https:\/\/vaasanluonnonravinto.fi\/sv\/wp-json\/wp\/v2\/product_cat?post=20451"},{"taxonomy":"product_tag","embeddable":true,"href":"https:\/\/vaasanluonnonravinto.fi\/sv\/wp-json\/wp\/v2\/product_tag?post=20451"}],"curies":[{"name":"wp","href":"https:\/\/api.w.org\/{rel}","templated":true}]}}