{"id":20347,"date":"2020-03-30T12:03:05","date_gmt":"2020-03-30T09:03:05","guid":{"rendered":"https:\/\/vaasanluonnonravinto.fi\/tuote\/betulic-koivunlehti-110tabl\/"},"modified":"2020-09-14T16:31:38","modified_gmt":"2020-09-14T13:31:38","slug":"betulic-koivunlehti-110tabl","status":"publish","type":"product","link":"https:\/\/vaasanluonnonravinto.fi\/sv\/tuote\/betulic-koivunlehti-110tabl\/","title":{"rendered":"Betulic Koivunlehti 110tabl"},"content":{"rendered":"<p>Koivunlehtijauhe, Paakkuuntumisenestoaine E 551, Pintak\u00e4sittelyaine E 470b<\/p>\n<h3 class=\"meta-title\">Vuorokausiannos<\/h3>\n<p>Vuorokausiannos 2-4 tabl. sis\u00e4lt\u00e4\u00e4:<br \/>\nKoivunlehtijauhetta\u00a0980\u20131960 mg<\/p>\n<h3 class=\"meta-title\">Annostus<\/h3>\n<p>2-4 tablettia p\u00e4iv\u00e4ss\u00e4.<\/p>\n<ul>\n<li>Valmistettu Suomessa<\/li>\n<\/ul>\n<h3 class=\"meta-title\">Pakkauskoko<\/h3>\n<p>110 tabl.\/55 g<\/p>\n<h3 class=\"meta-title\">Fysiologiset vaikutukset<\/h3>\n<ul>\n<li>Koivunlehte\u00e4 on k\u00e4ytetty perinteisesti kansanl\u00e4\u00e4kinn\u00e4ss\u00e4 v\u00e4hent\u00e4m\u00e4\u00e4n turvotusta ja puhdistamaan kehoa.<\/li>\n<li>Koivunlehdiss\u00e4 on vaikuttavina aineina flavonoideja, (mm. hyperosidia, kversetiini\u00e4, myrisetiini\u00e4 ja galaktosidia), saponiineja, hartseja, karvasaineita sek\u00e4 C-vitamiinia.<\/li>\n<li>Koivunlehti tehostaa aineenvaihduntaa ja auttaa poistamaan ylim\u00e4\u00e4r\u00e4ist\u00e4 nestett\u00e4 kehosta.<\/li>\n<li>Se edist\u00e4\u00e4 virtsan ja hien erityst\u00e4 sek\u00e4 vaikuttaa my\u00f6s ruoansulatukseen edist\u00e4m\u00e4ll\u00e4 sapen erityst\u00e4.<\/li>\n<\/ul>\n","protected":false},"excerpt":{"rendered":"<h3>Koivunlehtitabletit<\/h3>\n<ul>\n<li>Ravintolis\u00e4<\/li>\n<li>Aineenvaihdunnan hyv\u00e4ksi<\/li>\n<li>Poistaa ylim\u00e4\u00e4r\u00e4ist\u00e4 nestett\u00e4<\/li>\n<li>Sis\u00e4lt\u00e4\u00e4 98 % koivunlehtijauhetta<\/li>\n<li>Valmistettu hell\u00e4varaisella menetelm\u00e4ll\u00e4, joka s\u00e4ilytt\u00e4\u00e4 koivunlehden hyv\u00e4t ominaisuudet mahdollisimman alkuper\u00e4isin\u00e4<\/li>\n<li>Laktoositon, hiivaton, makeuttamaton, gluteeniton ja vegaaninen<\/li>\n<\/ul>\n","protected":false},"featured_media":19612,"template":"","meta":{"_acf_changed":false,"rs_blank_template":"","rs_page_bg_color":"","slide_template_v7":""},"product_brand":[],"product_cat":[176,72,92,100],"product_tag":[],"class_list":{"0":"post-20347","1":"product","2":"type-product","3":"status-publish","4":"has-post-thumbnail","6":"product_cat-hankintatukku-sv","7":"product_cat-yrttivalmisteet-sv","8":"product_cat-virtsatietulehdus-sv","9":"product_cat-painonhallintavalmisteet-sv","11":"first","12":"instock","13":"taxable","14":"shipping-taxable","15":"purchasable","16":"product-type-simple"},"acf":[],"_links":{"self":[{"href":"https:\/\/vaasanluonnonravinto.fi\/sv\/wp-json\/wp\/v2\/product\/20347","targetHints":{"allow":["GET"]}}],"collection":[{"href":"https:\/\/vaasanluonnonravinto.fi\/sv\/wp-json\/wp\/v2\/product"}],"about":[{"href":"https:\/\/vaasanluonnonravinto.fi\/sv\/wp-json\/wp\/v2\/types\/product"}],"wp:featuredmedia":[{"embeddable":true,"href":"https:\/\/vaasanluonnonravinto.fi\/sv\/wp-json\/wp\/v2\/media\/19612"}],"wp:attachment":[{"href":"https:\/\/vaasanluonnonravinto.fi\/sv\/wp-json\/wp\/v2\/media?parent=20347"}],"wp:term":[{"taxonomy":"product_brand","embeddable":true,"href":"https:\/\/vaasanluonnonravinto.fi\/sv\/wp-json\/wp\/v2\/product_brand?post=20347"},{"taxonomy":"product_cat","embeddable":true,"href":"https:\/\/vaasanluonnonravinto.fi\/sv\/wp-json\/wp\/v2\/product_cat?post=20347"},{"taxonomy":"product_tag","embeddable":true,"href":"https:\/\/vaasanluonnonravinto.fi\/sv\/wp-json\/wp\/v2\/product_tag?post=20347"}],"curies":[{"name":"wp","href":"https:\/\/api.w.org\/{rel}","templated":true}]}}