{"id":20345,"date":"2020-02-18T14:56:07","date_gmt":"2020-02-18T12:56:07","guid":{"rendered":"https:\/\/vaasanluonnonravinto.fi\/tuote\/nordic-health-iron-10-rautasuusuihke-25ml\/"},"modified":"2020-09-14T16:36:42","modified_gmt":"2020-09-14T13:36:42","slug":"nordic-health-iron-10-rautasuusuihke-25ml","status":"publish","type":"product","link":"https:\/\/vaasanluonnonravinto.fi\/sv\/tuote\/nordic-health-iron-10-rautasuusuihke-25ml\/","title":{"rendered":"Nordic Health Iron 10 rautasuusuihke 25ml"},"content":{"rendered":"","protected":false},"excerpt":{"rendered":"<p>Tutkitusti ylivertaisesti imeytyv\u00e4 Vahva Rauta suusuihke!<\/p>\n<p>Vatsayst\u00e4v\u00e4llinen Vahva Rauta suusuihke imeytyy tutkitusti ja v\u00e4litt\u00f6m\u00e4sti posken limakalvolta verenkiertoon ohittaen suolisto.<\/p>\n<p>Granaattiomenan makuinen.<\/p>\n<p>Vahva Rauta suusuihke nostaa nopeasti elimist\u00f6n rauta-arvoja. Vahva Rautasuihke ei aiheuta ummetusta ja on eritt\u00e4in vatsayst\u00e4v\u00e4llinen.<\/p>\n<p>Sopii henkil\u00f6ille, joilla on nielemisvaikeuksia. Ruoka tai l\u00e4\u00e4kkeet eiv\u00e4t h\u00e4iritse imeytymist\u00e4. Ei tarvitse ottaa ruuan yhteydess\u00e4 ja voit k\u00e4ytt\u00e4\u00e4 tuotetta mihin aikaan p\u00e4iv\u00e4st\u00e4 tahansa. Hammasyst\u00e4v\u00e4llinen.<br \/>\nP\u00e4iv\u00e4annos (4 suihkausta) sis\u00e4lt\u00e4\u00e4 10mg erinomaisesti posken limakalvolta imeytyv\u00e4\u00e4 rautaa.<\/p>\n","protected":false},"featured_media":17546,"template":"","meta":{"_acf_changed":false},"product_brand":[],"product_cat":[73,76,156],"product_tag":[],"class_list":{"0":"post-20345","1":"product","2":"type-product","3":"status-publish","4":"has-post-thumbnail","6":"product_cat-lisaravinteet-sv","7":"product_cat-kivennaisvalmisteet-sv","8":"product_cat-nordichealth-sv","10":"first","11":"instock","12":"taxable","13":"shipping-taxable","14":"purchasable","15":"product-type-simple"},"acf":[],"_links":{"self":[{"href":"https:\/\/vaasanluonnonravinto.fi\/sv\/wp-json\/wp\/v2\/product\/20345","targetHints":{"allow":["GET"]}}],"collection":[{"href":"https:\/\/vaasanluonnonravinto.fi\/sv\/wp-json\/wp\/v2\/product"}],"about":[{"href":"https:\/\/vaasanluonnonravinto.fi\/sv\/wp-json\/wp\/v2\/types\/product"}],"wp:featuredmedia":[{"embeddable":true,"href":"https:\/\/vaasanluonnonravinto.fi\/sv\/wp-json\/wp\/v2\/media\/17546"}],"wp:attachment":[{"href":"https:\/\/vaasanluonnonravinto.fi\/sv\/wp-json\/wp\/v2\/media?parent=20345"}],"wp:term":[{"taxonomy":"product_brand","embeddable":true,"href":"https:\/\/vaasanluonnonravinto.fi\/sv\/wp-json\/wp\/v2\/product_brand?post=20345"},{"taxonomy":"product_cat","embeddable":true,"href":"https:\/\/vaasanluonnonravinto.fi\/sv\/wp-json\/wp\/v2\/product_cat?post=20345"},{"taxonomy":"product_tag","embeddable":true,"href":"https:\/\/vaasanluonnonravinto.fi\/sv\/wp-json\/wp\/v2\/product_tag?post=20345"}],"curies":[{"name":"wp","href":"https:\/\/api.w.org\/{rel}","templated":true}]}}