{"id":20237,"date":"2020-04-15T15:17:07","date_gmt":"2020-04-15T12:17:07","guid":{"rendered":"https:\/\/vaasanluonnonravinto.fi\/?post_type=product&#038;p=20237"},"modified":"2024-02-19T14:54:45","modified_gmt":"2024-02-19T12:54:45","slug":"prostab-sabal-complex-30kaps","status":"publish","type":"product","link":"https:\/\/vaasanluonnonravinto.fi\/sv\/tuote\/prostab-sabal-complex-30kaps\/","title":{"rendered":"Prosterbe 30kaps"},"content":{"rendered":"<p align=\"left\"><strong>\u00a0<\/strong><\/p>\n<p align=\"left\">Se on valmistettu sahapalmu-, palomaitohorsma-, ja karpalouutteista parhaan yhteisvaikutuksen saavuttamiseksi.<\/p>\n<p align=\"left\">Kapseleissa on runsaasti kasvien vaikuttavia aineita.<\/p>\n<p align=\"left\">1 kapseli p\u00e4iv\u00e4ss\u00e4 runsaan nesteen kera<\/p>\n<p align=\"left\">annostusta ei saa ylitt\u00e4\u00e4<\/p>\n<p align=\"left\">k\u00e4ytet\u00e4\u00e4n s\u00e4\u00e4nn\u00f6llisesti tai kuureina<\/p>\n<p align=\"left\"><strong>HUOM! Ei hedelm\u00e4llisess\u00e4 i\u00e4ss\u00e4 oleville naisille eik\u00e4 lapsille ennen sukukypsyytt\u00e4<\/strong><\/p>\n<p align=\"left\"><b>Prostab Sahapalmukapselien ainesosat:<\/b><\/p>\n<p align=\"left\">auringonkukka\u00f6ljy<\/p>\n<p align=\"left\">sahapalmu (serenoa repens [Bart.] Small)\u00a0hedelm\u00e4uute tit. 28 % rasvahapot 286 mg.<\/p>\n<p align=\"left\">gelatiini<\/p>\n<p align=\"left\">palomaitohorsma (epilobium angustifolium L. kasviuute tit. 2 % flavonoidit [hyperosidi] 200 mg.<\/p>\n<p align=\"left\">sakeuttamisaineet (glyseroli, valkoinen mehil\u00e4isvaha)<\/p>\n<p align=\"left\">karpalo (vaccinium macrocarbon Aiton) hedelm\u00e4uute tit. 40 % proantosyaniidit (50 mg.)<\/p>\n<p align=\"left\">emulgointiaine (lesitiini auringonkukasta)<\/p>\n<p align=\"left\">v\u00e4riaine (klorofylliinikuparikompleksit [lehtivihre\u00e4johdannainen])<\/p>\n<p align=\"left\"><strong>\u00a0<\/strong><\/p>\n<p align=\"left\"><strong>P\u00e4iv\u00e4annoksessa, 1 kapseli, on seuraavat vaikuttavat aineet:<\/strong><\/p>\n<p align=\"left\">sahapalmu siemenuutetta 286 mg.<\/p>\n<p align=\"left\">vapaita rasvahappoja 80 mg.<\/p>\n<p align=\"left\">palomaitohorsmauutetta 200 mg.<\/p>\n<p align=\"left\">hyperosideja 4 mg.<\/p>\n<p align=\"left\">karpalouutetta 50 mg.<\/p>\n<p align=\"left\">proantosyanideja 20 mg.<\/p>\n<p><strong>Eturauhasen liikakasvu<\/strong><\/p>\n<p>Eturauhasen liikakasvu aiheuttaa:<\/p>\n<p>kivuliasta virtsaamista<\/p>\n<p>vaikeuksia virtsaamisen aloittamisessa<\/p>\n<p>vaikeuksia virtsaamisen lopettamisessa<\/p>\n<p>tiputtelua virtsaamisen j\u00e4lkeen<\/p>\n<p>&nbsp;<\/p>\n<p>Koska rakko ei tyhjene kokonaan, se aiheuttaa tarvetta \u00f6isille wc-k\u00e4ynneille. Jos asialle ei tehd\u00e4 mit\u00e4\u00e4n, se voi rasittaa munuaisia.<\/p>\n<p>&nbsp;<\/p>\n","protected":false},"excerpt":{"rendered":"<p><span class=\"st\">Valmistettu sahapalmu-, palomaitohorsma-, ja karpalouutteista parhaan yhteisvaikutuksen saavuttamiseksi.<\/span><\/p>\n<p align=\"left\"><strong>\u00a0<\/strong><\/p>\n<p align=\"left\">\n","protected":false},"featured_media":21992,"template":"","meta":{"_acf_changed":false,"rs_blank_template":"","rs_page_bg_color":"","slide_template_v7":""},"product_brand":[],"product_cat":[44,64,50],"product_tag":[],"class_list":{"0":"post-20237","1":"product","2":"type-product","3":"status-publish","4":"has-post-thumbnail","6":"product_cat-miehiseen-hyvinvointiin","7":"product_cat-naturamedia","8":"product_cat-yrttivalmisteet","10":"first","11":"instock","12":"taxable","13":"shipping-taxable","14":"purchasable","15":"product-type-simple"},"acf":[],"_links":{"self":[{"href":"https:\/\/vaasanluonnonravinto.fi\/sv\/wp-json\/wp\/v2\/product\/20237","targetHints":{"allow":["GET"]}}],"collection":[{"href":"https:\/\/vaasanluonnonravinto.fi\/sv\/wp-json\/wp\/v2\/product"}],"about":[{"href":"https:\/\/vaasanluonnonravinto.fi\/sv\/wp-json\/wp\/v2\/types\/product"}],"wp:featuredmedia":[{"embeddable":true,"href":"https:\/\/vaasanluonnonravinto.fi\/sv\/wp-json\/wp\/v2\/media\/21992"}],"wp:attachment":[{"href":"https:\/\/vaasanluonnonravinto.fi\/sv\/wp-json\/wp\/v2\/media?parent=20237"}],"wp:term":[{"taxonomy":"product_brand","embeddable":true,"href":"https:\/\/vaasanluonnonravinto.fi\/sv\/wp-json\/wp\/v2\/product_brand?post=20237"},{"taxonomy":"product_cat","embeddable":true,"href":"https:\/\/vaasanluonnonravinto.fi\/sv\/wp-json\/wp\/v2\/product_cat?post=20237"},{"taxonomy":"product_tag","embeddable":true,"href":"https:\/\/vaasanluonnonravinto.fi\/sv\/wp-json\/wp\/v2\/product_tag?post=20237"}],"curies":[{"name":"wp","href":"https:\/\/api.w.org\/{rel}","templated":true}]}}