{"id":20225,"date":"2020-04-15T14:03:49","date_gmt":"2020-04-15T11:03:49","guid":{"rendered":"https:\/\/vaasanluonnonravinto.fi\/?post_type=product&#038;p=20225"},"modified":"2025-12-01T00:37:05","modified_gmt":"2025-11-30T22:37:05","slug":"testoboost-60tabl","status":"publish","type":"product","link":"https:\/\/vaasanluonnonravinto.fi\/sv\/tuote\/testoboost-60tabl\/","title":{"rendered":"TestoBoost 60tabl"},"content":{"rendered":"<p>Testo Boost on Suomessa tehty ravintolis\u00e4 edist\u00e4m\u00e4\u00e4n seksuaalista kyky\u00e4 ja halukkuutta sek\u00e4 yll\u00e4pit\u00e4m\u00e4\u00e4n testosteronitasoa.<br \/>\nSopii aikuisille sek\u00e4 nuoremmille miehille sek\u00e4 my\u00f6s urheilijoille.<\/p>\n<p><b>Ainesosat:<\/b><\/p>\n<ul>\n<li>EnoSTIM-kasviuuteseos<\/li>\n<li>Tribulus terrestris -uute<\/li>\n<li>Sinkki<\/li>\n<li>B6-vitamiini<\/li>\n<li>EnoSTIM on sahrami-, viiniryp\u00e4le-ja omenauutteiden seos, jonka teho on kliinisesti todennettu.<\/li>\n<li>Tribulus terrestris on paljon k\u00e4ytetty kasviuute vastaavissa valmisteissa.<\/li>\n<li>Valmisteen sis\u00e4lt\u00e4m\u00e4 Tribul40-uutteen puhtaus on varmistettu antidoping-laboratoriossa.<\/li>\n<li>Sinkki edist\u00e4\u00e4 veren testosteronitason pysymist\u00e4 normaalina ja B6-vitamiini edist\u00e4\u00e4 energia-aineenvaihduntaa<\/li>\n<\/ul>\n<p><b>Annostus:<\/b><br \/>\n2 tablettia p\u00e4iv\u00e4ss\u00e4. T\u00e4ysi hy\u00f6ty valmisteesta saadaan 2-4 viikon s\u00e4\u00e4nn\u00f6llisell\u00e4 k\u00e4yt\u00f6ll\u00e4.<\/p>\n<p><b>Huomautukset:<\/b><br \/>\nNauti tabletit 2-3 h mahdollisten reseptil\u00e4\u00e4kkeiden j\u00e4lkeen.<br \/>\nOhjeen mukaista annostusta ei saa ylitt\u00e4\u00e4. Ei lasten ulottuville.<br \/>\nRavintolis\u00e4 ei korvaa monipuolista ja tasapainoista ruokavaliota eik\u00e4 terveit\u00e4 el\u00e4m\u00e4ntapoja.<\/p>\n","protected":false},"excerpt":{"rendered":"<p><span class=\"st\">Testo Boost on Suomessa tehty ravintolis\u00e4 edist\u00e4m\u00e4\u00e4n seksuaalista kyky\u00e4 ja halukkuutta sek\u00e4 yll\u00e4pit\u00e4m\u00e4\u00e4n testosteronitasoa.<\/span><\/p>\n","protected":false},"featured_media":20228,"template":"","meta":{"_acf_changed":false,"rs_blank_template":"","rs_page_bg_color":"","slide_template_v7":""},"product_brand":[],"product_cat":[105,109,44],"product_tag":[],"class_list":{"0":"post-20225","1":"product","2":"type-product","3":"status-publish","4":"has-post-thumbnail","6":"product_cat-valioravinto","7":"product_cat-bertils","8":"product_cat-miehiseen-hyvinvointiin","10":"first","11":"instock","12":"taxable","13":"shipping-taxable","14":"purchasable","15":"product-type-simple"},"acf":[],"_links":{"self":[{"href":"https:\/\/vaasanluonnonravinto.fi\/sv\/wp-json\/wp\/v2\/product\/20225","targetHints":{"allow":["GET"]}}],"collection":[{"href":"https:\/\/vaasanluonnonravinto.fi\/sv\/wp-json\/wp\/v2\/product"}],"about":[{"href":"https:\/\/vaasanluonnonravinto.fi\/sv\/wp-json\/wp\/v2\/types\/product"}],"wp:featuredmedia":[{"embeddable":true,"href":"https:\/\/vaasanluonnonravinto.fi\/sv\/wp-json\/wp\/v2\/media\/20228"}],"wp:attachment":[{"href":"https:\/\/vaasanluonnonravinto.fi\/sv\/wp-json\/wp\/v2\/media?parent=20225"}],"wp:term":[{"taxonomy":"product_brand","embeddable":true,"href":"https:\/\/vaasanluonnonravinto.fi\/sv\/wp-json\/wp\/v2\/product_brand?post=20225"},{"taxonomy":"product_cat","embeddable":true,"href":"https:\/\/vaasanluonnonravinto.fi\/sv\/wp-json\/wp\/v2\/product_cat?post=20225"},{"taxonomy":"product_tag","embeddable":true,"href":"https:\/\/vaasanluonnonravinto.fi\/sv\/wp-json\/wp\/v2\/product_tag?post=20225"}],"curies":[{"name":"wp","href":"https:\/\/api.w.org\/{rel}","templated":true}]}}