{"id":20214,"date":"2020-04-15T11:20:51","date_gmt":"2020-04-15T08:20:51","guid":{"rendered":"https:\/\/vaasanluonnonravinto.fi\/?post_type=product&#038;p=20214"},"modified":"2026-04-27T14:56:07","modified_gmt":"2026-04-27T11:56:07","slug":"frantsilan-kehakukkavoide-60ml","status":"publish","type":"product","link":"https:\/\/vaasanluonnonravinto.fi\/sv\/tuote\/frantsilan-kehakukkavoide-60ml\/","title":{"rendered":"Frantsilan Keh\u00e4kukkavoide 60ml"},"content":{"rendered":"<p>Keh\u00e4kukkavoide on kevyt, hyvin imeytyv\u00e4 p\u00e4iv\u00e4- ja hoitovoide kasvoille ja koko keholle. Se sopii koko perheen ihon hoitoon, my\u00f6s vauvalle, kutiavan ja herk\u00e4n ihon hoitoon sek\u00e4 liiallisen auringon saannin j\u00e4lkeiseen hoitoon. Voide hoitaa tehokkaasti kutiavaa tai tulehtunutta ihoa lis\u00e4ten samalla ihon kimmoisuutta ja elastisuutta.<\/p>\n<p>Raaka-aineet ja valmistus ovat eurooppalaisten luonnonkosmetiikka- ja luomustandardien mukaiset. Tuotetta ei ole testattu el\u00e4imill\u00e4, eik\u00e4 tuotteessa ole geenimuunneltuja aineita, mineraali\u00f6ljyj\u00e4, silikaatteja, keinotekoisia v\u00e4ri- tai tuoksuaineita eik\u00e4 mit\u00e4\u00e4n s\u00e4il\u00f6nt\u00e4aineita.<\/p>\n<p>Pakkauskoko: 60g<\/p>\n","protected":false},"excerpt":{"rendered":"<div class=\"elementor-element elementor-element-77499bcc elementor-widget elementor-widget-woocommerce-product-short-description\" data-id=\"77499bcc\" data-element_type=\"widget\" data-widget_type=\"woocommerce-product-short-description.default\">\n<div class=\"elementor-widget-container\">\n<div class=\"woocommerce-product-details__short-description\">\n<ul>\n<li>Yleisvoide koko perheelle, soveltuu my\u00f6s vauvalle<\/li>\n<li>Lievitt\u00e4\u00e4 kutinaa ja parantaa tulehduksia<\/li>\n<li>Voide ei sis\u00e4ll\u00e4 s\u00e4il\u00f6nt\u00e4aineita eik\u00e4 siin\u00e4 ole k\u00e4ytetty el\u00e4inkokeita<\/li>\n<li>Valmistettu Kyr\u00f6skoskella<\/li>\n<\/ul>\n<\/div>\n<\/div>\n<\/div>\n","protected":false},"featured_media":20217,"template":"","meta":{"_acf_changed":false},"product_brand":[],"product_cat":[128,46],"product_tag":[],"class_list":{"0":"post-20214","1":"product","2":"type-product","3":"status-publish","4":"has-post-thumbnail","6":"product_cat-frantsila","7":"product_cat-luontaiskosmetiikka","9":"first","10":"instock","11":"taxable","12":"shipping-taxable","13":"purchasable","14":"product-type-simple"},"acf":[],"_links":{"self":[{"href":"https:\/\/vaasanluonnonravinto.fi\/sv\/wp-json\/wp\/v2\/product\/20214","targetHints":{"allow":["GET"]}}],"collection":[{"href":"https:\/\/vaasanluonnonravinto.fi\/sv\/wp-json\/wp\/v2\/product"}],"about":[{"href":"https:\/\/vaasanluonnonravinto.fi\/sv\/wp-json\/wp\/v2\/types\/product"}],"wp:featuredmedia":[{"embeddable":true,"href":"https:\/\/vaasanluonnonravinto.fi\/sv\/wp-json\/wp\/v2\/media\/20217"}],"wp:attachment":[{"href":"https:\/\/vaasanluonnonravinto.fi\/sv\/wp-json\/wp\/v2\/media?parent=20214"}],"wp:term":[{"taxonomy":"product_brand","embeddable":true,"href":"https:\/\/vaasanluonnonravinto.fi\/sv\/wp-json\/wp\/v2\/product_brand?post=20214"},{"taxonomy":"product_cat","embeddable":true,"href":"https:\/\/vaasanluonnonravinto.fi\/sv\/wp-json\/wp\/v2\/product_cat?post=20214"},{"taxonomy":"product_tag","embeddable":true,"href":"https:\/\/vaasanluonnonravinto.fi\/sv\/wp-json\/wp\/v2\/product_tag?post=20214"}],"curies":[{"name":"wp","href":"https:\/\/api.w.org\/{rel}","templated":true}]}}