{"id":19346,"date":"2020-03-25T13:05:40","date_gmt":"2020-03-25T11:05:40","guid":{"rendered":"https:\/\/vaasanluonnonravinto.fi\/?post_type=product&#038;p=19346"},"modified":"2024-07-30T16:48:55","modified_gmt":"2024-07-30T13:48:55","slug":"solgar-bromelain-300mg","status":"publish","type":"product","link":"https:\/\/vaasanluonnonravinto.fi\/sv\/tuote\/solgar-bromelain-300mg\/","title":{"rendered":"Solgar Bromelain 300mg"},"content":{"rendered":"<p>Kaikki el\u00e4v\u00e4t organismit tarvitsevat entsyymeit\u00e4 el\u00e4m\u00e4n edellytykseksi, ja niit\u00e4 on kaikissa el\u00e4m\u00e4n muodoissa, kuten ihmisess\u00e4, kasveissa, bakteereissa ja muissa organismeissa. Entsyymit ovat luonnossa esiintyvi\u00e4 proteiineja, joiden teht\u00e4v\u00e4n\u00e4 on nopeuttaa kemiallisten reaktioiden tapahtumista soluissa. Ne ovat v\u00e4ltt\u00e4m\u00e4tt\u00f6mi\u00e4 el\u00e4m\u00e4lle ja edesauttavat monenlaisia t\u00e4rkeit\u00e4 toimintoja kehossa.<\/p>\n<p>Ananas, Etel\u00e4-Amerikasta per\u00e4isin oleva hedelm\u00e4, on yksi bromelaiini-entsyymin rikkaimpia l\u00e4hteit\u00e4. T\u00e4m\u00e4 erityinen entsyymi on johdettu tuoreesta ananaksesta ja valmistettu niin, ett\u00e4 sen kaikki ravinteet ja entsymaattiset ominaisuudet ovat pysyneet ennallaan ja koskemattomina.<\/p>\n<p><strong>Solgar\u00ae Bromelaiini 300 mg<\/strong> annostus on 2 kapselia p\u00e4iv\u00e4ss\u00e4 ruokailun yhteydess\u00e4 runsaan nesteen kera. 2 kapselin annostus vastaa 1000 GDU entsyymiaktiivisuutta.<\/p>\n","protected":false},"excerpt":{"rendered":"<div class=\"glass-size\">\n<ul>\n<li>60kaps<\/li>\n<\/ul>\n<\/div>\n<div class=\"woocommerce-product-details__short-description\">\n<ul>\n<li>Luonnollinen entsyymi tuoreesta ananaksesta<\/li>\n<li>Tarjoaa 1000 GDU vahvuisen luontaisen entsyymiaktiivisuuden<\/li>\n<li>Sopii kasvissy\u00f6jille ja vegaaneille, Kosher<\/li>\n<li>Sokeriton, suolaton, t\u00e4rkkelykset\u00f6n, maidoton, gluteeniton<\/li>\n<\/ul>\n<\/div>\n<p class=\"daily-intake-wrapper\">Annostus <span class=\"daily-intake\">2\/pv\u00e4<\/span><\/p>\n","protected":false},"featured_media":19347,"template":"","meta":{"_acf_changed":false,"rs_blank_template":"","rs_page_bg_color":"","slide_template_v7":""},"product_brand":[],"product_cat":[48,40],"product_tag":[],"class_list":{"0":"post-19346","1":"product","2":"type-product","3":"status-publish","4":"has-post-thumbnail","6":"product_cat-solgar","7":"product_cat-vatsan-hyvinvointivalmisteet","9":"first","10":"instock","11":"taxable","12":"shipping-taxable","13":"purchasable","14":"product-type-simple"},"acf":[],"_links":{"self":[{"href":"https:\/\/vaasanluonnonravinto.fi\/sv\/wp-json\/wp\/v2\/product\/19346","targetHints":{"allow":["GET"]}}],"collection":[{"href":"https:\/\/vaasanluonnonravinto.fi\/sv\/wp-json\/wp\/v2\/product"}],"about":[{"href":"https:\/\/vaasanluonnonravinto.fi\/sv\/wp-json\/wp\/v2\/types\/product"}],"wp:featuredmedia":[{"embeddable":true,"href":"https:\/\/vaasanluonnonravinto.fi\/sv\/wp-json\/wp\/v2\/media\/19347"}],"wp:attachment":[{"href":"https:\/\/vaasanluonnonravinto.fi\/sv\/wp-json\/wp\/v2\/media?parent=19346"}],"wp:term":[{"taxonomy":"product_brand","embeddable":true,"href":"https:\/\/vaasanluonnonravinto.fi\/sv\/wp-json\/wp\/v2\/product_brand?post=19346"},{"taxonomy":"product_cat","embeddable":true,"href":"https:\/\/vaasanluonnonravinto.fi\/sv\/wp-json\/wp\/v2\/product_cat?post=19346"},{"taxonomy":"product_tag","embeddable":true,"href":"https:\/\/vaasanluonnonravinto.fi\/sv\/wp-json\/wp\/v2\/product_tag?post=19346"}],"curies":[{"name":"wp","href":"https:\/\/api.w.org\/{rel}","templated":true}]}}