{"id":18950,"date":"2020-03-17T13:35:12","date_gmt":"2020-03-17T11:35:12","guid":{"rendered":"https:\/\/vaasanluonnonravinto.fi\/?post_type=product&#038;p=18950"},"modified":"2023-03-01T00:24:04","modified_gmt":"2023-02-28T22:24:04","slug":"monilac-ibs-60kaps","status":"publish","type":"product","link":"https:\/\/vaasanluonnonravinto.fi\/sv\/tuote\/monilac-ibs-60kaps\/","title":{"rendered":"Monilac Hell\u00e4 60kaps"},"content":{"rendered":"<div class=\"cms-page-ingredients\">\n<div class=\"w-richtext\">\n<p><strong>Ainesosat:<\/strong> Psylliumjauhe, maitohappobakteeriseos (<em>Bifidobacterium breve BR03<\/em>, <em>Lactobacillus plantarum LP01<\/em>), kapseli (hydroksipropyylimetyyliselluloosa).<\/p>\n<p><strong>Vaikuttavat aineet: \/1 kaps.<\/strong><br \/>\nBifidobacterium breve BR03&#8230;&#8230;.CFU 5&#215;10^9<br \/>\nLactobacillus plantarum LP01&#8230;.CFU 5&#215;10^9<br \/>\nPsyllium&#8230;&#8230;&#8230;&#8230;&#8230;&#8230;&#8230;&#8230;&#8230;&#8230;&#8230;&#8230;..200 mg<\/p>\n<p>1 kapseli sis\u00e4lt\u00e4\u00e4 10 miljardia maitohappobakteeria.<\/p>\n<p>*% Vuorokautisen saannin vertailuarvosta<\/p>\n<\/div>\n<\/div>\n<p><strong>MONILAC IBS on erityisen sopiva herk\u00e4lle ja helposti \u00e4rtyv\u00e4lle suolistolle koska se<\/strong><\/p>\n<ul>\n<li>ei sis\u00e4ll\u00e4 FODMAP-hiilihydraatteja<\/li>\n<li>se sis\u00e4lt\u00e4\u00e4 tutkitun kahden maitohappobakteerikannan yhdistelm\u00e4n (<em>Bifidobacterium breve BR03<\/em> ja <em>Lactobacillus plantarum LP01<\/em>), joka on erityisen hy\u00f6dyllinen herk\u00e4lle suolistolle<\/li>\n<li>se sis\u00e4lt\u00e4\u00e4 lis\u00e4ksi puhdasta psylliumkuitua (200 mg\/ kaps.), joka t\u00e4ydent\u00e4\u00e4 herk\u00e4lle suolistolle soveltuvaa koostumusta. Tuote ei sis\u00e4ll\u00e4 maitohappobakteerien ja psylliumkuidun lis\u00e4ksi mit\u00e4\u00e4n muuta.<br \/>\n\u200d<\/li>\n<\/ul>\n<p><strong>MONILAC IBS<\/strong> ei sis\u00e4ll\u00e4 mit\u00e4\u00e4n t\u00e4yteaineita, eik\u00e4 allergeeneja kuten gluteenia, viljoja, maitoa tai sen osia, hiivaa, kananmunaa, soijaa tai p\u00e4hkin\u00e4\u00e4. Se ei sis\u00e4ll\u00e4 my\u00f6sk\u00e4\u00e4n s\u00e4il\u00f6nt\u00e4- tai v\u00e4riaineita. Tuote on pakattu kasviper\u00e4isiin kapseleihin.<\/p>\n<p><strong>1 MONILAC IBS-kapseli p\u00e4iv\u00e4ss\u00e4 riitt\u00e4\u00e4 t\u00e4ydent\u00e4m\u00e4\u00e4n herk\u00e4lle suolistolle soveltuvaa ruokavaliota. Pakkaus sis\u00e4lt\u00e4\u00e4 siis tehokkaan p\u00e4iv\u00e4annoksen n. kahden kuukauden ajalle.<\/strong><\/p>\n","protected":false},"excerpt":{"rendered":"<p><strong>MONILAC IBS \u2013 10 miljardia maitohappobakteeria yhdess\u00e4 kapselissa!<\/strong><\/p>\n","protected":false},"featured_media":18951,"template":"","meta":{"_acf_changed":false},"product_brand":[],"product_cat":[107,64,40],"product_tag":[],"class_list":{"0":"post-18950","1":"product","2":"type-product","3":"status-publish","4":"has-post-thumbnail","6":"product_cat-maitohappobakteerit","7":"product_cat-naturamedia","8":"product_cat-vatsan-hyvinvointivalmisteet","10":"first","11":"instock","12":"taxable","13":"shipping-taxable","14":"purchasable","15":"product-type-simple"},"acf":[],"_links":{"self":[{"href":"https:\/\/vaasanluonnonravinto.fi\/sv\/wp-json\/wp\/v2\/product\/18950","targetHints":{"allow":["GET"]}}],"collection":[{"href":"https:\/\/vaasanluonnonravinto.fi\/sv\/wp-json\/wp\/v2\/product"}],"about":[{"href":"https:\/\/vaasanluonnonravinto.fi\/sv\/wp-json\/wp\/v2\/types\/product"}],"wp:featuredmedia":[{"embeddable":true,"href":"https:\/\/vaasanluonnonravinto.fi\/sv\/wp-json\/wp\/v2\/media\/18951"}],"wp:attachment":[{"href":"https:\/\/vaasanluonnonravinto.fi\/sv\/wp-json\/wp\/v2\/media?parent=18950"}],"wp:term":[{"taxonomy":"product_brand","embeddable":true,"href":"https:\/\/vaasanluonnonravinto.fi\/sv\/wp-json\/wp\/v2\/product_brand?post=18950"},{"taxonomy":"product_cat","embeddable":true,"href":"https:\/\/vaasanluonnonravinto.fi\/sv\/wp-json\/wp\/v2\/product_cat?post=18950"},{"taxonomy":"product_tag","embeddable":true,"href":"https:\/\/vaasanluonnonravinto.fi\/sv\/wp-json\/wp\/v2\/product_tag?post=18950"}],"curies":[{"name":"wp","href":"https:\/\/api.w.org\/{rel}","templated":true}]}}