{"id":18944,"date":"2020-03-17T12:15:40","date_gmt":"2020-03-17T10:15:40","guid":{"rendered":"https:\/\/vaasanluonnonravinto.fi\/?post_type=product&#038;p=18944"},"modified":"2026-02-09T11:28:18","modified_gmt":"2026-02-09T09:28:18","slug":"monilac-metabolic-60kaps","status":"publish","type":"product","link":"https:\/\/vaasanluonnonravinto.fi\/sv\/tuote\/monilac-metabolic-60kaps\/","title":{"rendered":"Monilac Metabolic 60kaps"},"content":{"rendered":"<p data-start=\"108\" data-end=\"420\"><strong data-start=\"108\" data-end=\"144\">Natura Median Monilac\u00ae Metabolic<\/strong> on aikuisille suunniteltu t\u00e4sm\u00e4tuote aineenvaihdunnan optimointiin. Se sis\u00e4lt\u00e4\u00e4 Espanjassa kehitetyn <strong data-start=\"246\" data-end=\"289\">Bifidobacterium lactis CECT8145 (BPL1\u00ae)<\/strong> -maitohappobakteerikannan sek\u00e4 hyvin imeytyv\u00e4\u00e4 <strong data-start=\"337\" data-end=\"370\">P-5-P-muotoista B6-vitamiinia<\/strong>, joka edist\u00e4\u00e4 normaalia energia-aineenvaihduntaa.<\/p>\n<p data-start=\"422\" data-end=\"764\">Tuotteen koostumusta on uudistettu poistamalla koliini ja korvaamalla paakkuuntumisenestoaine liukenevalla <strong data-start=\"529\" data-end=\"551\">Sunfiber\u00ae-kuidulla<\/strong>, joka on low-FODMAP-kuitu guar-kasvista. Monilac\u00ae Metabolic -kapselit ovat vegaanisia, eiv\u00e4tk\u00e4 sis\u00e4ll\u00e4 gluteenia, viljoja, maitoa, hiivaa, kananmunaa, soijaa, p\u00e4hkin\u00f6it\u00e4, sokeria, makeutusaineita tai v\u00e4riaineita.<\/p>\n<p data-start=\"766\" data-end=\"817\">Tuote valmistetaan omassa tuotannossamme Raisiossa.<\/p>\n<p data-start=\"766\" data-end=\"817\"><strong>K\u00e4ytt\u00f6:<\/strong><\/p>\n<p>1 kapseli p\u00e4iv\u00e4ss\u00e4 veden tai muun viile\u00e4n nesteen kanssa. Kapselin voi my\u00f6s avata ja sis\u00e4lt\u00f6 voidaan sekoittaa viile\u00e4\u00e4n ruokaan tai juomaan.<\/p>\n<p>Annostusta ei saa ylitt\u00e4\u00e4. S\u00e4ilytett\u00e4v\u00e4 lasten ulottumattomissa. S\u00e4ilyt\u00e4 tiiviisti suljettuna alle 25 \u00b0C:ssa. \u00c4l\u00e4 sy\u00f6 tai poista kuivausainepussia. Valmistettu Suomessa.<\/p>\n<p><strong>Ainesosat:<\/strong><\/p>\n<p>Sunfiber<sup>\u00ae<\/sup>: osittain hydrolysoitu guarkumi (Intia), BPL1<sup>\u00ae<\/sup>: maitohappobakteeri (<em>Bifidobacterium lactis<\/em>\u00a0CECT8145) (Espanja), kapseli (hydroksipropyylimetyyliselluloosa), pyridoksaali-5\u00b4-fosfaatti (Kiina).<\/p>\n<p data-start=\"0\" data-end=\"19\"><strong data-start=\"0\" data-end=\"17\">Ingredienser:<\/strong><\/p>\n<p data-start=\"21\" data-end=\"212\">Sunfiber\u00ae: delvis hydrolyserat guark\u00e4rnmj\u00f6l (Indien), BPL1\u00ae: mj\u00f6lksyrabakterie (<em data-start=\"101\" data-end=\"125\">Bifidobacterium lactis<\/em> CECT8145) (Spanien), kapsel (hydroxipropylmetylcellulosa), pyridoxal-5\u00b4-fosfat (Kina).<\/p>\n<p data-start=\"214\" data-end=\"257\" data-is-last-node=\"\" data-is-only-node=\"\"><strong data-start=\"214\" data-end=\"227\">Fri fr\u00e5n:<\/strong><br data-start=\"227\" data-end=\"230\" \/>mj\u00f6lk<br data-start=\"235\" data-end=\"238\" data-is-only-node=\"\" \/>soja<br data-start=\"242\" data-end=\"245\" \/>n\u00f6tter<br data-start=\"251\" data-end=\"254\" \/>\u00e4gg<\/p>\n<p><strong>\u00a0Gluteeniton, Maidoton, Soijaton, P\u00e4hkin\u00e4t\u00f6n , Kananmunaton<\/strong><\/p>\n<p><strong>Ravintosis\u00e4lt\u00f6:<\/strong><\/p>\n<p data-pm-slice=\"1 1 []\">Sis\u00e4lt\u00e4\u00e4: 1 kaps. %*<\/p>\n<p>BPL1\u00ae: Bifidobacterium lactis CECT8145 10 mrd. CFU**<\/p>\n<p>B6-vitamiini 2,8 mg 200%<\/p>\n<p>*% vuorokautisen saannin vertailuarvosta<\/p>\n<p>**1 kapseli sis\u00e4lt\u00e4\u00e4 10 miljardia maitohappobakteeria.<\/p>\n<p data-pm-slice=\"1 1 []\">Ravintolis\u00e4 ei korvaa monipuolista ja tasapainoista ruokavaliota eik\u00e4 terveit\u00e4 el\u00e4m\u00e4ntapoja.<\/p>\n","protected":false},"excerpt":{"rendered":"<h5>T\u00e4sm\u00e4valmiste aineenvaihduntaan!<\/h5>\n<p>Aineenvaihdunnan prosesseilla on kehossamme kolme p\u00e4\u00e4teht\u00e4v\u00e4\u00e4:<br \/>\n1) tuottaa energiaa<br \/>\n2) tuottaa rakennusaineita<br \/>\n3) poistaa kuona-aineet<\/p>\n","protected":false},"featured_media":22388,"template":"","meta":{"_acf_changed":false},"product_brand":[],"product_cat":[107,64,39],"product_tag":[],"class_list":{"0":"post-18944","1":"product","2":"type-product","3":"status-publish","4":"has-post-thumbnail","6":"product_cat-maitohappobakteerit","7":"product_cat-naturamedia","8":"product_cat-painonhallintavalmisteet","10":"first","11":"instock","12":"taxable","13":"shipping-taxable","14":"purchasable","15":"product-type-simple"},"acf":[],"_links":{"self":[{"href":"https:\/\/vaasanluonnonravinto.fi\/sv\/wp-json\/wp\/v2\/product\/18944","targetHints":{"allow":["GET"]}}],"collection":[{"href":"https:\/\/vaasanluonnonravinto.fi\/sv\/wp-json\/wp\/v2\/product"}],"about":[{"href":"https:\/\/vaasanluonnonravinto.fi\/sv\/wp-json\/wp\/v2\/types\/product"}],"wp:featuredmedia":[{"embeddable":true,"href":"https:\/\/vaasanluonnonravinto.fi\/sv\/wp-json\/wp\/v2\/media\/22388"}],"wp:attachment":[{"href":"https:\/\/vaasanluonnonravinto.fi\/sv\/wp-json\/wp\/v2\/media?parent=18944"}],"wp:term":[{"taxonomy":"product_brand","embeddable":true,"href":"https:\/\/vaasanluonnonravinto.fi\/sv\/wp-json\/wp\/v2\/product_brand?post=18944"},{"taxonomy":"product_cat","embeddable":true,"href":"https:\/\/vaasanluonnonravinto.fi\/sv\/wp-json\/wp\/v2\/product_cat?post=18944"},{"taxonomy":"product_tag","embeddable":true,"href":"https:\/\/vaasanluonnonravinto.fi\/sv\/wp-json\/wp\/v2\/product_tag?post=18944"}],"curies":[{"name":"wp","href":"https:\/\/api.w.org\/{rel}","templated":true}]}}