{"id":18930,"date":"2020-03-17T11:39:50","date_gmt":"2020-03-17T09:39:50","guid":{"rendered":"https:\/\/vaasanluonnonravinto.fi\/?post_type=product&#038;p=18930"},"modified":"2026-05-15T06:37:09","modified_gmt":"2026-05-15T03:37:09","slug":"super-kromi-125mcg-120tabl","status":"publish","type":"product","link":"https:\/\/vaasanluonnonravinto.fi\/sv\/tuote\/super-kromi-125mcg-120tabl\/","title":{"rendered":"Super Kromi 125mcg 120tabl"},"content":{"rendered":"<p>Kromin terveysv\u00e4itt\u00e4mi\u00e4:<\/p>\n<ul>\n<li>Kromi edist\u00e4\u00e4 normaalia makroravintoaineiden aineenvaihduntaa<\/li>\n<li>Kromi edist\u00e4\u00e4 veren glukoositasojen pysymist\u00e4 normaalina<\/li>\n<\/ul>\n<p><strong>Kromia sis\u00e4lt\u00e4v\u00e4 ravintolis\u00e4<\/strong><\/p>\n<p><strong>Ainesosat:<\/strong><\/p>\n<p>T\u00e4yteaine (mikrokristallinen selluloosa)<br \/>\nPaakkuuntumisenestoaineet (kasvirasvahappojen magnesiumsuolat, piidioksidi)<br \/>\nPintak\u00e4sittelyaine (hydroksipropyylimetyyliselluloosa, kasviper\u00e4inen glyseroli)<br \/>\nKromipikolinaatti<\/p>\n<p>&nbsp;<\/p>\n<table>\n<tbody>\n<tr>\n<td><strong>Vaikuttavat aineet<\/strong><\/td>\n<td><strong>1 kapseli<\/strong><\/td>\n<td><strong>Vertailuarvosta<\/strong><\/td>\n<\/tr>\n<tr>\n<td>Kromi<\/td>\n<td>125 \u03bcg<\/td>\n<td>313 %<\/td>\n<\/tr>\n<\/tbody>\n<\/table>\n<p>&nbsp;<\/p>\n","protected":false},"excerpt":{"rendered":"<div id=\"tab-description\" class=\"panel entry-content wc-tab\">\n<div class=\"su-column su-column-size-1-2\">\n<div class=\"su-column-inner su-clearfix\">\n<p>Super Kromi on vahva kromivalmiste, joka sis\u00e4lt\u00e4\u00e4 erityisen hyvin imeytyv\u00e4\u00e4 kromipikolinaattia. Kromia tarvitaan sokeriaineenvaihdunnan ja hermoston toimintaan sek\u00e4 verensokerin s\u00e4\u00e4telyyn. Kromi osallistuu my\u00f6s rasvojen aineenvaihduntaan.<\/p>\n<\/div>\n<\/div>\n<\/div>\n","protected":false},"featured_media":18931,"template":"","meta":{"_acf_changed":false,"rs_blank_template":"","rs_page_bg_color":"","slide_template_v7":""},"product_brand":[],"product_cat":[144,37],"product_tag":[],"class_list":{"0":"post-18930","1":"product","2":"type-product","3":"status-publish","4":"has-post-thumbnail","6":"product_cat-bioteekki","7":"product_cat-kivennaisvalmisteet","9":"first","10":"instock","11":"taxable","12":"shipping-taxable","13":"purchasable","14":"product-type-simple"},"acf":[],"_links":{"self":[{"href":"https:\/\/vaasanluonnonravinto.fi\/sv\/wp-json\/wp\/v2\/product\/18930","targetHints":{"allow":["GET"]}}],"collection":[{"href":"https:\/\/vaasanluonnonravinto.fi\/sv\/wp-json\/wp\/v2\/product"}],"about":[{"href":"https:\/\/vaasanluonnonravinto.fi\/sv\/wp-json\/wp\/v2\/types\/product"}],"wp:featuredmedia":[{"embeddable":true,"href":"https:\/\/vaasanluonnonravinto.fi\/sv\/wp-json\/wp\/v2\/media\/18931"}],"wp:attachment":[{"href":"https:\/\/vaasanluonnonravinto.fi\/sv\/wp-json\/wp\/v2\/media?parent=18930"}],"wp:term":[{"taxonomy":"product_brand","embeddable":true,"href":"https:\/\/vaasanluonnonravinto.fi\/sv\/wp-json\/wp\/v2\/product_brand?post=18930"},{"taxonomy":"product_cat","embeddable":true,"href":"https:\/\/vaasanluonnonravinto.fi\/sv\/wp-json\/wp\/v2\/product_cat?post=18930"},{"taxonomy":"product_tag","embeddable":true,"href":"https:\/\/vaasanluonnonravinto.fi\/sv\/wp-json\/wp\/v2\/product_tag?post=18930"}],"curies":[{"name":"wp","href":"https:\/\/api.w.org\/{rel}","templated":true}]}}