{"id":18925,"date":"2020-03-17T11:35:23","date_gmt":"2020-03-17T09:35:23","guid":{"rendered":"https:\/\/vaasanluonnonravinto.fi\/?post_type=product&#038;p=18925"},"modified":"2026-04-13T03:37:21","modified_gmt":"2026-04-13T00:37:21","slug":"super-seleeni-100mcg-120tabl","status":"publish","type":"product","link":"https:\/\/vaasanluonnonravinto.fi\/sv\/tuote\/super-seleeni-100mcg-120tabl\/","title":{"rendered":"Super Seleeni 100mcg 120tabl"},"content":{"rendered":"<p>Super Seleeni sis\u00e4lt\u00e4\u00e4 kolmea eri seleenimuotoa: seleenimetioniinia, seleenihiivaa ja natriumseleniitti\u00e4. Kolmen seleenimuodon yhdist\u00e4misell\u00e4 samaan helposti nielt\u00e4v\u00e4n tablettiin, varmistetaan tuotteen erinomainen biologinen hyv\u00e4ksik\u00e4ytett\u00e4vyys. Jokainen seleenin muoto vaikuttaa eri tavoin terveiden solujen jakautumiseen. Optimaalisen seleenituen kannalta t\u00e4rke\u00e4\u00e4, ett\u00e4 valmisteessa on kaikkia seleenin kolmea muotoa.<\/p>\n<p>Seleenin terveysv\u00e4itt\u00e4mi\u00e4:<\/p>\n<ul>\n<li>Seleeni edist\u00e4\u00e4 normaalia siitti\u00f6iden muodostusta<\/li>\n<li>Seleeni edist\u00e4\u00e4 hiusten pysymist\u00e4 normaaleina<\/li>\n<li>Seleeni edist\u00e4\u00e4 kynsien pysymist\u00e4 normaaleina<\/li>\n<li>Seleeni edist\u00e4\u00e4 immuunij\u00e4rjestelm\u00e4n normaalia toimintaa<\/li>\n<li>Seleeni edist\u00e4\u00e4 kilpirauhasen normaalia toimintaa<\/li>\n<li>Seleeni edist\u00e4\u00e4 solujen suojaamista hapettumisstressilt\u00e4<\/li>\n<\/ul>\n","protected":false},"excerpt":{"rendered":"<div id=\"tab-description\" class=\"panel entry-content wc-tab\">\n<div class=\"su-column su-column-size-1-2\">\n<div class=\"su-column-inner su-clearfix\">\n<p>Super Seleeni on vahva ja hyvin imeytyv\u00e4 seleenivalmiste lis\u00e4\u00e4m\u00e4\u00e4n ruokavalion seleenipitoisuutta. Seleeni on t\u00e4rke\u00e4 vastustuskyvylle ja kilpirauhasen toiminnalle. Se on my\u00f6s t\u00e4rke\u00e4 hiusten ja kynsien hyvinvoinnille ja siitti\u00f6iden muodostumiselle. Lis\u00e4ksi seleeni on antioksidantti, joka suojaa soluja hapettumisstressilt\u00e4.<\/p>\n<\/div>\n<\/div>\n<\/div>\n","protected":false},"featured_media":18926,"template":"","meta":{"_acf_changed":false},"product_brand":[],"product_cat":[144,37],"product_tag":[],"class_list":{"0":"post-18925","1":"product","2":"type-product","3":"status-publish","4":"has-post-thumbnail","6":"product_cat-bioteekki","7":"product_cat-kivennaisvalmisteet","9":"first","10":"instock","11":"taxable","12":"shipping-taxable","13":"purchasable","14":"product-type-simple"},"acf":[],"_links":{"self":[{"href":"https:\/\/vaasanluonnonravinto.fi\/sv\/wp-json\/wp\/v2\/product\/18925","targetHints":{"allow":["GET"]}}],"collection":[{"href":"https:\/\/vaasanluonnonravinto.fi\/sv\/wp-json\/wp\/v2\/product"}],"about":[{"href":"https:\/\/vaasanluonnonravinto.fi\/sv\/wp-json\/wp\/v2\/types\/product"}],"wp:featuredmedia":[{"embeddable":true,"href":"https:\/\/vaasanluonnonravinto.fi\/sv\/wp-json\/wp\/v2\/media\/18926"}],"wp:attachment":[{"href":"https:\/\/vaasanluonnonravinto.fi\/sv\/wp-json\/wp\/v2\/media?parent=18925"}],"wp:term":[{"taxonomy":"product_brand","embeddable":true,"href":"https:\/\/vaasanluonnonravinto.fi\/sv\/wp-json\/wp\/v2\/product_brand?post=18925"},{"taxonomy":"product_cat","embeddable":true,"href":"https:\/\/vaasanluonnonravinto.fi\/sv\/wp-json\/wp\/v2\/product_cat?post=18925"},{"taxonomy":"product_tag","embeddable":true,"href":"https:\/\/vaasanluonnonravinto.fi\/sv\/wp-json\/wp\/v2\/product_tag?post=18925"}],"curies":[{"name":"wp","href":"https:\/\/api.w.org\/{rel}","templated":true}]}}