{"id":1826,"date":"2019-03-19T15:03:27","date_gmt":"2019-03-19T13:03:27","guid":{"rendered":"https:\/\/vaasanluonnonravinto.fi\/?post_type=product&#038;p=1826"},"modified":"2024-08-31T15:16:12","modified_gmt":"2024-08-31T12:16:12","slug":"vivania-hyaluron-q10-anti-wrinkle","status":"publish","type":"product","link":"https:\/\/vaasanluonnonravinto.fi\/sv\/tuote\/vivania-hyaluron-q10-anti-wrinkle\/","title":{"rendered":"Vivania\u00ae Hyaluron &#038; Q10 Anti Wrinkle"},"content":{"rendered":"<h4 class=\"meta-title\">Ainesosat<\/h4>\n<p>Aqua, Glycerin, Limnanthes alba (meadowfoam) seed oil, Squalane, Dimethicone, Cetearyl olivate, Isopropyl jojobate, Jojoba alcohol, Jojoba esters, Ammonium Acryloyldimethyltaurate\/VP Copolymer, Sorbitan olivate, Gluconolactone, Alcohol, Tocopheryl acetate, Sorbitan caprylate, Phenoxyethanol, Benzyl alcohol, Sodium benzoate, Caprylic\/Capric triglyceride, Ubiquinone, Cetyl palmitate, Hydrolyzed jojoba esters, Benzoic acid, Sorbitan palmitate, Sodium hyaluronate, Parfum, Saccharomyces lysate extract<\/p>\n<p>S\u00e4ilyy avaamisen j\u00e4lkeen 12 kuukautta<\/p>\n<p>Valmistettu Suomessa<\/p>\n<p>&nbsp;<\/p>\n<h4 class=\"meta-title\">K\u00e4ytt\u00f6ohje<\/h4>\n<p>Levitet\u00e4\u00e4n aamuin illoin puhtaalle iholle. Sopii kaikille ihotyypeille, erinomainen meikinalusvoide.<\/p>\n<p>&nbsp;<\/p>\n<h4 class=\"meta-title\">Pakkauskoko<\/h4>\n<p>50 ml<\/p>\n<p>&nbsp;<\/p>\n<h4 class=\"meta-title\">Fysiologiset vaikutukset<\/h4>\n<ul>\n<li>Hyaluronihappo on luonnollinen aine, jota on kaikissa elollisissa organismeissa. Se on sokerimolekyyli ja sen kemiallinen rakenne on kaikkialla samanlainen. Ihmiskehossa hyalyronihappoa on mm. kudoksissa, silmiss\u00e4 ja niveliss\u00e4. Ihossa hyaluronihappo sitoo vett\u00e4, kohottaa ja kosteuttaa ihoa ja pit\u00e4\u00e4 sen kiinte\u00e4n\u00e4.<\/li>\n<li>Ik\u00e4\u00e4ntyess\u00e4 elimist\u00f6n kyky valmistaa hyaluronihappoa ja siten ihon vedensitomiskyky heikkenev\u00e4t. Hyaluronihapon pitoisuuden v\u00e4hentyess\u00e4 elimist\u00f6ss\u00e4 my\u00f6s ihon t\u00e4ytel\u00e4isyys muuttuu; iho l\u00f6ystyy ja sen kyky palautua rypistymisen ja kiristymisen j\u00e4lkeen heikkenee. Ihoon syntyy helposti ryppyj\u00e4 ja juonteita, jotka vanhentavat ulkon\u00e4k\u00f6\u00e4.<\/li>\n<li>Hyaluronihappo auttaa sitomaan ihoon vett\u00e4, joka kohottaa ja antaa iholle uutta kiinteytt\u00e4. Iho n\u00e4ytt\u00e4\u00e4 nuoremmalta, kirkkaammalta ja tasaisemmalta.<\/li>\n<li>Vivania<sup>\u00ae<\/sup>\u00a0Hyaluron &amp; Q10 Anti Wrinkle -voide kosteuttaa ihoa, v\u00e4hent\u00e4\u00e4 kuivan ihon hilseily\u00e4 sek\u00e4 tasoittaa ryppyj\u00e4 ja juonteita. Saa ihon tuntumaan ja n\u00e4ytt\u00e4m\u00e4\u00e4n kimmoisalta.<\/li>\n<\/ul>\n","protected":false},"excerpt":{"rendered":"<h4>Hyaluronihappo\u2013ubikinonivoide<\/h4>\n<ul>\n<li>Monipuolinen yhdistelm\u00e4voide est\u00e4m\u00e4\u00e4n iholla n\u00e4kyvi\u00e4 vanhenemisen merkkej\u00e4.<\/li>\n<li>Tehokas ryppyj\u00e4 tasoittava 24 tunnin voide sis\u00e4lt\u00e4\u00e4 ihon ennenaikaista vanhenemista est\u00e4v\u00e4\u00e4 hyaluronihappoa, ubikinonia (koentsyymi Q10), E-vitamiinia ja jojoba\u00f6ljy\u00e4 sek\u00e4 muita suoja- aineita, jotka edist\u00e4v\u00e4t kollageenin tuotantoa.<\/li>\n<li>Hyaluronihappo auttaa tasoittamaan ryppyj\u00e4 ja juonteita sek\u00e4 hidastaa ik\u00e4\u00e4ntymisen merkkej\u00e4 iholla.<\/li>\n<li>Voiteen sis\u00e4lt\u00e4m\u00e4t antioksidantit suojaavat ihoa vapaiden radikaalien ja UV-s\u00e4teiden haitallisilta vaikutuksilta. Voiteen pH vastaa ihon luonnollista pH:ta. Ei sis\u00e4ll\u00e4 el\u00e4inper\u00e4isi\u00e4 ainesosia.<\/li>\n<\/ul>\n","protected":false},"featured_media":1827,"template":"","meta":{"_acf_changed":false},"product_brand":[],"product_cat":[175,46],"product_tag":[],"class_list":{"0":"post-1826","1":"product","2":"type-product","3":"status-publish","4":"has-post-thumbnail","6":"product_cat-hankintatukku","7":"product_cat-luontaiskosmetiikka","9":"first","10":"instock","11":"taxable","12":"shipping-taxable","13":"purchasable","14":"product-type-simple"},"acf":[],"_links":{"self":[{"href":"https:\/\/vaasanluonnonravinto.fi\/sv\/wp-json\/wp\/v2\/product\/1826","targetHints":{"allow":["GET"]}}],"collection":[{"href":"https:\/\/vaasanluonnonravinto.fi\/sv\/wp-json\/wp\/v2\/product"}],"about":[{"href":"https:\/\/vaasanluonnonravinto.fi\/sv\/wp-json\/wp\/v2\/types\/product"}],"wp:featuredmedia":[{"embeddable":true,"href":"https:\/\/vaasanluonnonravinto.fi\/sv\/wp-json\/wp\/v2\/media\/1827"}],"wp:attachment":[{"href":"https:\/\/vaasanluonnonravinto.fi\/sv\/wp-json\/wp\/v2\/media?parent=1826"}],"wp:term":[{"taxonomy":"product_brand","embeddable":true,"href":"https:\/\/vaasanluonnonravinto.fi\/sv\/wp-json\/wp\/v2\/product_brand?post=1826"},{"taxonomy":"product_cat","embeddable":true,"href":"https:\/\/vaasanluonnonravinto.fi\/sv\/wp-json\/wp\/v2\/product_cat?post=1826"},{"taxonomy":"product_tag","embeddable":true,"href":"https:\/\/vaasanluonnonravinto.fi\/sv\/wp-json\/wp\/v2\/product_tag?post=1826"}],"curies":[{"name":"wp","href":"https:\/\/api.w.org\/{rel}","templated":true}]}}