{"id":1775,"date":"2019-03-19T12:38:14","date_gmt":"2019-03-19T10:38:14","guid":{"rendered":"https:\/\/vaasanluonnonravinto.fi\/?post_type=product&#038;p=1775"},"modified":"2023-12-27T17:28:06","modified_gmt":"2023-12-27T15:28:06","slug":"urisan-karpalo","status":"publish","type":"product","link":"https:\/\/vaasanluonnonravinto.fi\/sv\/tuote\/urisan-karpalo\/","title":{"rendered":"Urisan\u00ae Karpalo"},"content":{"rendered":"<h4 class=\"meta-title\">Ainesosat<\/h4>\n<p>Inuliini, Cran-Max<sup>\u00ae<\/sup>\u00a0-karpalotiiviste, Paakkuuntumisenestoaineet E 460, E 468, E 551, Pintak\u00e4sittelyaine E 470b<\/p>\n<p>&nbsp;<\/p>\n<h4 class=\"meta-title\">Vuorokausiannos<\/h4>\n<p>Vuorokausiannos 2 tabl. sis\u00e4lt\u00e4\u00e4:<br \/>\nInuliinia\u00a0960 mg<br \/>\nCran-Max<sup>\u00ae<\/sup>\u00a0-karpalotiivistett\u00e4\u00a0500 mg<\/p>\n<p>&nbsp;<\/p>\n<h4 class=\"meta-title\">Annostus<\/h4>\n<p>2 tablettia p\u00e4iv\u00e4ss\u00e4. Tabletit niell\u00e4\u00e4n nesteen kera. Tarvittaessa tabletit voi puolittaa tai pureskella pienemm\u00e4ksi. Varmistakaa hoitavalta l\u00e4\u00e4k\u00e4rilt\u00e4nne karpalovalmisteen yhteensopivuus k\u00e4ytt\u00e4mienne reseptil\u00e4\u00e4kkeiden kanssa.<\/p>\n<p>Valmistettu Suomessa<\/p>\n<p>&nbsp;<\/p>\n<h4 class=\"meta-title\">Pakkauskoko<\/h4>\n<p>60 tabl.\/54 g<\/p>\n","protected":false},"excerpt":{"rendered":"<h4>Karpalo-inuliinitabletit<\/h4>\n<ul>\n<li>Ravintolis\u00e4<\/li>\n<li>Urisan<sup>\u00ae<\/sup>\u00a0karpalo-inuliinitabletit sis\u00e4lt\u00e4v\u00e4t patentoitua Cran-Max<sup>\u00ae<\/sup>\u00a0-karpalotiivistett\u00e4 sek\u00e4 inuliinia.<\/li>\n<li>Karpalotiivisteen valmistuksessa on k\u00e4ytetty hyv\u00e4ksi koko marja ja se on vakioitu orgaanisten happojen ja antosyanidien suhteen. Uute on valmistettu Bio-Shield teknologialla, joka suojelee karpalon vaikuttavia aineita tuhoutumiselta ruoansulatuskanvassa, jolloin ne p\u00e4\u00e4sev\u00e4t kulkeutumaan vaikutusalueelleen.<\/li>\n<li>Cran-Max<sup>\u00ae<\/sup>\u00a0-karpalotiivisteen sis\u00e4lt\u00e4m\u00e4t tehoaineet ovat 34 kertaa tiiviimm\u00e4ss\u00e4 muodossa kuin tuoreissa karpaloissa ja\u00a0tiivisteen aktiivisuus on kolme kertaa vahvempi kuin karpalomehulla.<\/li>\n<li>Inuliini on luonnon keino varastoida energiaa l\u00e4hes kalorittomaan muotoon, jonka vain suoliston hy\u00f6tybakteerit kykenev\u00e4t k\u00e4ytt\u00e4m\u00e4\u00e4n.<\/li>\n<li>Laktoositon, hiivaton, makeuttamaton, gluteeniton ja vegaaninen<\/li>\n<\/ul>\n","protected":false},"featured_media":1776,"template":"","meta":{"_acf_changed":false,"rs_blank_template":"","rs_page_bg_color":"","slide_template_v7":""},"product_brand":[],"product_cat":[175,29,58],"product_tag":[],"class_list":{"0":"post-1775","1":"product","2":"type-product","3":"status-publish","4":"has-post-thumbnail","6":"product_cat-hankintatukku","7":"product_cat-lisaravinteet","8":"product_cat-virtsatietulehdus","10":"first","11":"instock","12":"taxable","13":"shipping-taxable","14":"purchasable","15":"product-type-simple"},"acf":[],"_links":{"self":[{"href":"https:\/\/vaasanluonnonravinto.fi\/sv\/wp-json\/wp\/v2\/product\/1775","targetHints":{"allow":["GET"]}}],"collection":[{"href":"https:\/\/vaasanluonnonravinto.fi\/sv\/wp-json\/wp\/v2\/product"}],"about":[{"href":"https:\/\/vaasanluonnonravinto.fi\/sv\/wp-json\/wp\/v2\/types\/product"}],"wp:featuredmedia":[{"embeddable":true,"href":"https:\/\/vaasanluonnonravinto.fi\/sv\/wp-json\/wp\/v2\/media\/1776"}],"wp:attachment":[{"href":"https:\/\/vaasanluonnonravinto.fi\/sv\/wp-json\/wp\/v2\/media?parent=1775"}],"wp:term":[{"taxonomy":"product_brand","embeddable":true,"href":"https:\/\/vaasanluonnonravinto.fi\/sv\/wp-json\/wp\/v2\/product_brand?post=1775"},{"taxonomy":"product_cat","embeddable":true,"href":"https:\/\/vaasanluonnonravinto.fi\/sv\/wp-json\/wp\/v2\/product_cat?post=1775"},{"taxonomy":"product_tag","embeddable":true,"href":"https:\/\/vaasanluonnonravinto.fi\/sv\/wp-json\/wp\/v2\/product_tag?post=1775"}],"curies":[{"name":"wp","href":"https:\/\/api.w.org\/{rel}","templated":true}]}}