{"id":1748,"date":"2019-03-18T15:35:32","date_gmt":"2019-03-18T13:35:32","guid":{"rendered":"https:\/\/vaasanluonnonravinto.fi\/?post_type=product&#038;p=1748"},"modified":"2026-05-13T03:37:25","modified_gmt":"2026-05-13T00:37:25","slug":"super-b-12-vitamiini","status":"publish","type":"product","link":"https:\/\/vaasanluonnonravinto.fi\/sv\/tuote\/super-b-12-vitamiini\/","title":{"rendered":"Bioteekki Super B-12 vitamiini"},"content":{"rendered":"<h4>Ainesosat<\/h4>\n<p>Makeutusaine (ksylitoli)<br \/>\nt\u00e4yteaine (mikrokiteinen selluloosa)<br \/>\nluontainen vadelma-aromi<br \/>\npaakkuuntumisenestoaine (kasvirasvahappojen magnesiumsuolat)<br \/>\nB12-vitamiini (metyylikobalamiini)<\/p>\n<p>&nbsp;<\/p>\n<h4>Sopivuus erityisruokavalioihin<\/h4>\n<p>Ei sis\u00e4ll\u00e4 el\u00e4inper\u00e4isi\u00e4 ainesosia eik\u00e4 gluteenipitoisen viljan ainesosia. Laktoositon, maidoton, liivatteeton.<\/p>\n<p>&nbsp;<\/p>\n<h4>Pakkauskoot<\/h4>\n<p>90 tablettia (20,7 g), muovipurkki<\/p>\n<p>&nbsp;<\/p>\n<h4>Annostus<\/h4>\n<p>1 imeskelytabletti p\u00e4iv\u00e4ss\u00e4. Vadelmanmakuisen tabletin voi imeskell\u00e4, pureskella tai niell\u00e4.<\/p>\n","protected":false},"excerpt":{"rendered":"<p>B12-vitamiini on t\u00e4rke\u00e4 hermoston toiminnassa sek\u00e4 puna- ja valkosolujen muodostuksessa. Sit\u00e4 tarvitaan my\u00f6s normaalin vastustuskyvyn yll\u00e4pit\u00e4misess\u00e4 sek\u00e4 energia-aineenvaihdunnassa ja solujen uusiutumisessa. B12-vitamiinin k\u00e4ytt\u00f6\u00e4 ravintolis\u00e4n\u00e4 suositellaan erityisesti vanhuksille ja vain kasvisruokaa nauttiville. B12-vitamiinia ei ole kasvikunnan tuotteissa ja siksi vegaanien on syyt\u00e4 t\u00e4ydent\u00e4\u00e4 sill\u00e4 ravintoaan. Vanhuksilla B12-vitamiinin imeytyminen usein heikentyy ja my\u00f6s ruoan vitamiinipitoisuudet voivat pienenty\u00e4 esim. heikentyneen ruokahalun johdosta.<\/p>\n","protected":false},"featured_media":1672,"template":"","meta":{"_acf_changed":false,"rs_blank_template":"","rs_page_bg_color":"","slide_template_v7":""},"product_brand":[],"product_cat":[144,29,36],"product_tag":[],"class_list":{"0":"post-1748","1":"product","2":"type-product","3":"status-publish","4":"has-post-thumbnail","6":"product_cat-bioteekki","7":"product_cat-lisaravinteet","8":"product_cat-vitamiinit","10":"first","11":"instock","12":"taxable","13":"shipping-taxable","14":"purchasable","15":"product-type-simple"},"acf":[],"_links":{"self":[{"href":"https:\/\/vaasanluonnonravinto.fi\/sv\/wp-json\/wp\/v2\/product\/1748","targetHints":{"allow":["GET"]}}],"collection":[{"href":"https:\/\/vaasanluonnonravinto.fi\/sv\/wp-json\/wp\/v2\/product"}],"about":[{"href":"https:\/\/vaasanluonnonravinto.fi\/sv\/wp-json\/wp\/v2\/types\/product"}],"wp:featuredmedia":[{"embeddable":true,"href":"https:\/\/vaasanluonnonravinto.fi\/sv\/wp-json\/wp\/v2\/media\/1672"}],"wp:attachment":[{"href":"https:\/\/vaasanluonnonravinto.fi\/sv\/wp-json\/wp\/v2\/media?parent=1748"}],"wp:term":[{"taxonomy":"product_brand","embeddable":true,"href":"https:\/\/vaasanluonnonravinto.fi\/sv\/wp-json\/wp\/v2\/product_brand?post=1748"},{"taxonomy":"product_cat","embeddable":true,"href":"https:\/\/vaasanluonnonravinto.fi\/sv\/wp-json\/wp\/v2\/product_cat?post=1748"},{"taxonomy":"product_tag","embeddable":true,"href":"https:\/\/vaasanluonnonravinto.fi\/sv\/wp-json\/wp\/v2\/product_tag?post=1748"}],"curies":[{"name":"wp","href":"https:\/\/api.w.org\/{rel}","templated":true}]}}