{"id":16625,"date":"2020-01-31T10:53:54","date_gmt":"2020-01-31T08:53:54","guid":{"rendered":"https:\/\/vaasanluonnonravinto.fi\/tuote\/evonia-super-silicea\/"},"modified":"2025-09-01T00:37:07","modified_gmt":"2025-08-31T21:37:07","slug":"evonia-super-silicea","status":"publish","type":"product","link":"https:\/\/vaasanluonnonravinto.fi\/sv\/tuote\/evonia-super-silicea\/","title":{"rendered":"Evonia Super Silicea"},"content":{"rendered":"<p>Evonia\u00ae Super Silica sis\u00e4lt\u00e4\u00e4 Collasil\u00ae OSA -piihappovalmistetta, jossa pii on vesiliukoisena piihappona eli ortopiihappona biologisesti aktiivisessa muodossa sitoutuneena vetysidoksin kalakollageenista saatuihin aminohappoihin. Aminohapoilla on aktiivinen kuljetusmekanismi suolistosta, ja imeytyess\u00e4\u00e4n tehokkaasti ne viev\u00e4t piin mukanaan verenkiertoon. Valmisteessa on lis\u00e4ksi biotiinia. N\u00e4m\u00e4 tehoaineet tukevat hiusten, kynsien ja ihon rakennetta ja kest\u00e4vyytt\u00e4.<\/p>\n<p>Collasil\u00ae OSA tehoaine vahvistaa hiusten ja kynsien rakennetta, v\u00e4hent\u00e4\u00e4 hiusten katkeilua esim. harjatessa sek\u00e4 auttaa ihoa s\u00e4ilytt\u00e4m\u00e4\u00e4n kiinteytens\u00e4, kimmoisuutensa ja kosteustasapainonsa.<\/p>\n<p>Pii on maankuoren toiseksi yleisin alkuaine. Piit\u00e4 on kasvikunnan tuotteissa, ja sen parhaat l\u00e4hteet ovat t\u00e4ysjyv\u00e4vilja, juurekset ja yleens\u00e4 kasvikset. Ihmisess\u00e4 piit\u00e4 esiintyy luissa, verisuonten sein\u00e4miss\u00e4, erityisesti aortan sein\u00e4miss\u00e4, hiusverisuonissa ja ihossa. Piin imeytyminen heikkenee ik\u00e4\u00e4ntyess\u00e4. Pii on v\u00e4ltt\u00e4m\u00e4t\u00f6n luiden, nivelten ja mukopolysakkaridien (esim. glukosamiini, kondroitiini ja hyaluronihappo) muodostumiselle. Pii on t\u00e4rke\u00e4 ihon, hiusten sek\u00e4 kynsien hyvinvoinnille. Piin on havaittu lis\u00e4\u00e4v\u00e4n verisuonten elastisuutta sek\u00e4 luun tiheytt\u00e4. Pii my\u00f6s sitoo elimist\u00f6lle haitallista alumiinia ja edist\u00e4\u00e4 sen poistumista suolistosta.<\/p>\n<p>Biotiinilla on useita merkitt\u00e4vi\u00e4 teht\u00e4vi\u00e4 elimist\u00f6ss\u00e4. Biotiini edist\u00e4\u00e4 hiusten ja ihon pysymist\u00e4 normaaleina. Se edist\u00e4\u00e4 my\u00f6s ihon ja limakalvojen pysymist\u00e4 normaaleina sek\u00e4 osallistuu proteiinien, hiilihydraattien ja rasvojen aineenvaihduntaan.<\/p>\n<div>\n<table class=\"UserAttributes\">\n<tbody>\n<tr>\n<td class=\"AttributeLabel VerticalAlignMiddle\">Pakkauskoko<\/td>\n<td class=\"AttributeContent\">60 tabl<\/td>\n<\/tr>\n<tr>\n<td class=\"AttributeLabel VerticalAlignMiddle\">Allergiatiedot<\/td>\n<td class=\"AttributeContent\">Laktoositon, hiivaton, makeuttamaton ja gluteeniton.<\/td>\n<\/tr>\n<\/tbody>\n<\/table>\n<\/div>\n<hr class=\"Separator\" \/>\n","protected":false},"excerpt":{"rendered":"<p>Piihappo-kollageeni-biotiinitabletti vahvistaa hiuksia ja kynsi\u00e4 sek\u00e4 silottaa ja kiinteytt\u00e4\u00e4 ihoa.<\/p>\n","protected":false},"featured_media":16608,"template":"","meta":{"_acf_changed":false},"product_brand":[],"product_cat":[176,95],"product_tag":[],"class_list":{"0":"post-16625","1":"product","2":"type-product","3":"status-publish","4":"has-post-thumbnail","6":"product_cat-hankintatukku-sv","7":"product_cat-hiukset-sv","9":"first","10":"instock","11":"taxable","12":"shipping-taxable","13":"purchasable","14":"product-type-simple"},"acf":[],"_links":{"self":[{"href":"https:\/\/vaasanluonnonravinto.fi\/sv\/wp-json\/wp\/v2\/product\/16625","targetHints":{"allow":["GET"]}}],"collection":[{"href":"https:\/\/vaasanluonnonravinto.fi\/sv\/wp-json\/wp\/v2\/product"}],"about":[{"href":"https:\/\/vaasanluonnonravinto.fi\/sv\/wp-json\/wp\/v2\/types\/product"}],"wp:featuredmedia":[{"embeddable":true,"href":"https:\/\/vaasanluonnonravinto.fi\/sv\/wp-json\/wp\/v2\/media\/16608"}],"wp:attachment":[{"href":"https:\/\/vaasanluonnonravinto.fi\/sv\/wp-json\/wp\/v2\/media?parent=16625"}],"wp:term":[{"taxonomy":"product_brand","embeddable":true,"href":"https:\/\/vaasanluonnonravinto.fi\/sv\/wp-json\/wp\/v2\/product_brand?post=16625"},{"taxonomy":"product_cat","embeddable":true,"href":"https:\/\/vaasanluonnonravinto.fi\/sv\/wp-json\/wp\/v2\/product_cat?post=16625"},{"taxonomy":"product_tag","embeddable":true,"href":"https:\/\/vaasanluonnonravinto.fi\/sv\/wp-json\/wp\/v2\/product_tag?post=16625"}],"curies":[{"name":"wp","href":"https:\/\/api.w.org\/{rel}","templated":true}]}}