{"id":12507,"date":"2019-11-08T10:18:18","date_gmt":"2019-11-08T08:18:18","guid":{"rendered":"https:\/\/vaasanluonnonravinto.fi\/?post_type=product&#038;p=12507"},"modified":"2025-10-01T00:37:07","modified_gmt":"2025-09-30T21:37:07","slug":"carmolis-salmiakki-yrttipastilli-sokeriton-45g","status":"publish","type":"product","link":"https:\/\/vaasanluonnonravinto.fi\/sv\/tuote\/carmolis-salmiakki-yrttipastilli-sokeriton-45g\/","title":{"rendered":"Carmolis Salmiakki Yrttipastilli sokeriton 45g"},"content":{"rendered":"","protected":false},"excerpt":{"rendered":"<p>Carmolis Salmiakki yrttipastilleilla on suuta vahvasti l\u00e4mmitt\u00e4v\u00e4 vaikutus. Pehmeiss\u00e4 sokerittomissa pastilleissa maistuu salmiakki, cayannepippuri ja vanhan luostarireseptin mukaan valmistettu Carmolis -\u00f6ljy. Raikastaa suuta ja hengityst\u00e4.<\/p>\n","protected":false},"featured_media":12508,"template":"","meta":{"_acf_changed":false,"rs_blank_template":"","rs_page_bg_color":"","slide_template_v7":""},"product_brand":[],"product_cat":[105,56,50],"product_tag":[],"class_list":{"0":"post-12507","1":"product","2":"type-product","3":"status-publish","4":"has-post-thumbnail","6":"product_cat-valioravinto","7":"product_cat-suuhygienia","8":"product_cat-yrttivalmisteet","10":"first","11":"instock","12":"taxable","13":"shipping-taxable","14":"purchasable","15":"product-type-simple"},"acf":[],"_links":{"self":[{"href":"https:\/\/vaasanluonnonravinto.fi\/sv\/wp-json\/wp\/v2\/product\/12507","targetHints":{"allow":["GET"]}}],"collection":[{"href":"https:\/\/vaasanluonnonravinto.fi\/sv\/wp-json\/wp\/v2\/product"}],"about":[{"href":"https:\/\/vaasanluonnonravinto.fi\/sv\/wp-json\/wp\/v2\/types\/product"}],"wp:featuredmedia":[{"embeddable":true,"href":"https:\/\/vaasanluonnonravinto.fi\/sv\/wp-json\/wp\/v2\/media\/12508"}],"wp:attachment":[{"href":"https:\/\/vaasanluonnonravinto.fi\/sv\/wp-json\/wp\/v2\/media?parent=12507"}],"wp:term":[{"taxonomy":"product_brand","embeddable":true,"href":"https:\/\/vaasanluonnonravinto.fi\/sv\/wp-json\/wp\/v2\/product_brand?post=12507"},{"taxonomy":"product_cat","embeddable":true,"href":"https:\/\/vaasanluonnonravinto.fi\/sv\/wp-json\/wp\/v2\/product_cat?post=12507"},{"taxonomy":"product_tag","embeddable":true,"href":"https:\/\/vaasanluonnonravinto.fi\/sv\/wp-json\/wp\/v2\/product_tag?post=12507"}],"curies":[{"name":"wp","href":"https:\/\/api.w.org\/{rel}","templated":true}]}}