{"id":12487,"date":"2019-11-08T09:54:32","date_gmt":"2019-11-08T07:54:32","guid":{"rendered":"https:\/\/vaasanluonnonravinto.fi\/?post_type=product&#038;p=12487"},"modified":"2026-01-13T11:27:27","modified_gmt":"2026-01-13T09:27:27","slug":"great-earth-ergozyme-90tabl","status":"publish","type":"product","link":"https:\/\/vaasanluonnonravinto.fi\/sv\/tuote\/great-earth-ergozyme-90tabl\/","title":{"rendered":"Great Earth Ergozyme 60kaps"},"content":{"rendered":"","protected":false},"excerpt":{"rendered":"<p>Great Earthin Ergozyme on monipuolinen sekoitus ruoansulatusentsyymej\u00e4. Entsyymien lis\u00e4ksi se sis\u00e4lt\u00e4\u00e4 ruoansulatusta tukevaa suolahappoa sek\u00e4 maitohappobakteereita.<\/p>\n","protected":false},"featured_media":12488,"template":"","meta":{"_acf_changed":false},"product_brand":[],"product_cat":[59,40],"product_tag":[],"class_list":{"0":"post-12487","1":"product","2":"type-product","3":"status-publish","4":"has-post-thumbnail","6":"product_cat-great-earth","7":"product_cat-vatsan-hyvinvointivalmisteet","9":"first","10":"instock","11":"taxable","12":"shipping-taxable","13":"purchasable","14":"product-type-simple"},"acf":[],"_links":{"self":[{"href":"https:\/\/vaasanluonnonravinto.fi\/sv\/wp-json\/wp\/v2\/product\/12487","targetHints":{"allow":["GET"]}}],"collection":[{"href":"https:\/\/vaasanluonnonravinto.fi\/sv\/wp-json\/wp\/v2\/product"}],"about":[{"href":"https:\/\/vaasanluonnonravinto.fi\/sv\/wp-json\/wp\/v2\/types\/product"}],"wp:featuredmedia":[{"embeddable":true,"href":"https:\/\/vaasanluonnonravinto.fi\/sv\/wp-json\/wp\/v2\/media\/12488"}],"wp:attachment":[{"href":"https:\/\/vaasanluonnonravinto.fi\/sv\/wp-json\/wp\/v2\/media?parent=12487"}],"wp:term":[{"taxonomy":"product_brand","embeddable":true,"href":"https:\/\/vaasanluonnonravinto.fi\/sv\/wp-json\/wp\/v2\/product_brand?post=12487"},{"taxonomy":"product_cat","embeddable":true,"href":"https:\/\/vaasanluonnonravinto.fi\/sv\/wp-json\/wp\/v2\/product_cat?post=12487"},{"taxonomy":"product_tag","embeddable":true,"href":"https:\/\/vaasanluonnonravinto.fi\/sv\/wp-json\/wp\/v2\/product_tag?post=12487"}],"curies":[{"name":"wp","href":"https:\/\/api.w.org\/{rel}","templated":true}]}}