{"id":1240,"date":"2019-05-29T12:39:20","date_gmt":"2019-05-29T09:39:20","guid":{"rendered":"https:\/\/vaasanluonnonravinto.fi\/?post_type=product&#038;p=1240"},"modified":"2025-09-02T16:07:36","modified_gmt":"2025-09-02T13:07:36","slug":"bertils-vitamin-c","status":"publish","type":"product","link":"https:\/\/vaasanluonnonravinto.fi\/sv\/tuote\/bertils-vitamin-c\/","title":{"rendered":"BERTIL\u00b4S VITAMIN C"},"content":{"rendered":"<section class=\"product-description\">Bertil\u2019s C-vitamiini sis\u00e4lt\u00e4\u00e4 reilun annoksen C-vitamiinia aitoon sokeriin tabletoituna.Tabletti on maustettu ruusunmarjajauheella, vadelmalla ja mustaherukalla. C-vitamiinin kirpeytt\u00e4 on taitettu ripauksella steviaa.<\/section>\n<section class=\"product-other-details\">\n<h3 class=\"product-other-details__header\"><\/h3>\n<p>Tabletoinnin apuaineena on aito sokeri. Bertil\u2019s C-vitamiini sopii n\u00e4in my\u00f6s heille, joiden vatsa reagoi helposti ksylitoliin, sorbitoliin tai muihin v\u00e4h\u00e4energisiin ns. polyoleihin.<\/p>\n<p>Huom<b>.<\/b>\u00a0Bertil\u2019s C-vitamiini sopii my\u00f6s lemmikeille.<\/p>\n<\/section>\n<section class=\"product-other-details\">\n<h3 class=\"product-other-details__header\">K\u00c4YTT\u00d6TARKOITUS<\/h3>\n<ul>\n<li>Pirist\u00e4\u00e4 ja lis\u00e4\u00e4 energisyytt\u00e4<\/li>\n<li>Tukee vastustuskyky\u00e4<\/li>\n<li>Suojaa soluja hapettumiselta<\/li>\n<\/ul>\n<p>Bertil\u2019s C-vitamiini on hyv\u00e4nmakuinen C-vitamiini-purutabletti. C-vitamiini on tunnettu pirteysvitamiini, joka v\u00e4hent\u00e4\u00e4 v\u00e4symyst\u00e4 ja edist\u00e4\u00e4 vastustuskyvyn normaalia toimintaa.<\/p>\n<p>Tabletit on valmistettu aidosta sokerista. Ne eiv\u00e4t sis\u00e4ll\u00e4 lainkaan vatsavaivoja aiheuttavia laksatiivisia aineosia.<\/p>\n<\/section>\n<section class=\"product-other-details\">\n<h3 class=\"product-other-details__header\">KENELLE<\/h3>\n<p><span id=\"ctl00_contentPlaceHolder_lblRecommendText\" class=\"ReqularText\">Bertil\u2019s C-vitamiini sopii koko perheelle.<br \/>\n<\/span><\/p>\n<ul>\n<li>Yli 3 v. lapsille ja koululaisille<\/li>\n<li>Aikuisille ja ty\u00f6ik\u00e4isille<\/li>\n<li>Aktiivikuntoilijoille ja urheilijoille<\/li>\n<li>Senioreille<\/li>\n<\/ul>\n<\/section>\n<section class=\"product-other-details\">\n<h3 class=\"product-other-details__header\">TERVEYSV\u00c4ITT\u00c4M\u00c4T<\/h3>\n<h4>BERTIL\u2019S C-VITAMIINI TABLETTIEN SIS\u00c4LT\u00c4M\u00c4 C-VITAMIINI EDIST\u00c4\u00c4 MM.<\/h4>\n<ul>\n<li>Solujen suojaamista hapettumisstressilt\u00e4<\/li>\n<li>Normaalia energia-aineenvaihduntaa<\/li>\n<li>Normaalia kollageenin muodostumista verisuonten, ihon, ruston ja luuston \u00a0normaalia toimintaa varten<\/li>\n<li>Vastustuskyvyn pysymist\u00e4 normaalina raskaan liikunnan aikana ja sen j\u00e4lkeen<\/li>\n<\/ul>\n<\/section>\n","protected":false},"excerpt":{"rendered":"<p>Bertil\u2019s C-vitamiini sis\u00e4lt\u00e4\u00e4 reilun annoksen C-vitamiinia aitoon sokeriin tabletoituna.Tabletti on maustettu ruusunmarjajauheella, vadelmalla ja mustaherukalla. C-vitamiinin kirpeytt\u00e4 on taitettu ripauksella steviaa.<\/p>\n","protected":false},"featured_media":1241,"template":"","meta":{"_acf_changed":false,"rs_blank_template":"","rs_page_bg_color":"","slide_template_v7":""},"product_brand":[],"product_cat":[109,29,36],"product_tag":[],"class_list":{"0":"post-1240","1":"product","2":"type-product","3":"status-publish","4":"has-post-thumbnail","6":"product_cat-bertils","7":"product_cat-lisaravinteet","8":"product_cat-vitamiinit","10":"first","11":"outofstock","12":"taxable","13":"shipping-taxable","14":"purchasable","15":"product-type-simple"},"acf":[],"_links":{"self":[{"href":"https:\/\/vaasanluonnonravinto.fi\/sv\/wp-json\/wp\/v2\/product\/1240","targetHints":{"allow":["GET"]}}],"collection":[{"href":"https:\/\/vaasanluonnonravinto.fi\/sv\/wp-json\/wp\/v2\/product"}],"about":[{"href":"https:\/\/vaasanluonnonravinto.fi\/sv\/wp-json\/wp\/v2\/types\/product"}],"wp:featuredmedia":[{"embeddable":true,"href":"https:\/\/vaasanluonnonravinto.fi\/sv\/wp-json\/wp\/v2\/media\/1241"}],"wp:attachment":[{"href":"https:\/\/vaasanluonnonravinto.fi\/sv\/wp-json\/wp\/v2\/media?parent=1240"}],"wp:term":[{"taxonomy":"product_brand","embeddable":true,"href":"https:\/\/vaasanluonnonravinto.fi\/sv\/wp-json\/wp\/v2\/product_brand?post=1240"},{"taxonomy":"product_cat","embeddable":true,"href":"https:\/\/vaasanluonnonravinto.fi\/sv\/wp-json\/wp\/v2\/product_cat?post=1240"},{"taxonomy":"product_tag","embeddable":true,"href":"https:\/\/vaasanluonnonravinto.fi\/sv\/wp-json\/wp\/v2\/product_tag?post=1240"}],"curies":[{"name":"wp","href":"https:\/\/api.w.org\/{rel}","templated":true}]}}