{"id":345,"date":"2016-10-12T09:50:15","date_gmt":"2016-10-12T06:50:15","guid":{"rendered":"https:\/\/vaasanluonnonravinto.fi\/?page_id=345&#038;lang=sv"},"modified":"2023-09-27T09:14:10","modified_gmt":"2023-09-27T06:14:10","slug":"butiker","status":"publish","type":"page","link":"https:\/\/vaasanluonnonravinto.fi\/sv\/butiker\/","title":{"rendered":"butiker"},"content":{"rendered":"<div class=\"wpb-content-wrapper\"><p>[vc_row css_animation=&#8221;&#8221; row_type=&#8221;row&#8221; use_row_as_full_screen_section=&#8221;no&#8221; type=&#8221;full_width&#8221; angled_section=&#8221;no&#8221; text_align=&#8221;left&#8221; background_image_as_pattern=&#8221;without_pattern&#8221;][vc_column width=&#8221;1\/2&#8243; css=&#8221;.vc_custom_1476178129221{padding: 0px !important;}&#8221;][vc_single_image image=&#8221;20591&#8243; img_size=&#8221;full&#8221; alignment=&#8221;right&#8221; qode_css_animation=&#8221;&#8221;][\/vc_column][vc_column width=&#8221;1\/2&#8243; css=&#8221;.vc_custom_1474885860979{margin-top: 45px !important;margin-right: 15px !important;margin-bottom: 45px !important;margin-left: 35px !important;}&#8221;][vc_column_text]<\/p>\n<h3>Vasa Naturkost<\/h3>\n<p>[\/vc_column_text][vc_separator type=&#8221;small&#8221; position=&#8221;left&#8221; color=&#8221;#739600&#8243; thickness=&#8221;7&#8243; width=&#8221;120&#8243; up=&#8221;25&#8243; down=&#8221;45&#8243;][vc_column_text]<\/p>\n<p style=\"text-align: left;\">V\u00e5r butik finns alldeles i centrum av Vasa, p\u00e5 Hovr\u00e4ttsesplanaden i Hartmans Hus intill torget. Vasa Naturkost \u00e4r \u00f6ppet vardagar kl 10-18 och l\u00f6rdagar kl 10-16.<\/p>\n<p>[\/vc_column_text][vc_empty_space height=&#8221;22px&#8221;][\/vc_column][\/vc_row][vc_row css_animation=&#8221;&#8221; row_type=&#8221;row&#8221; use_row_as_full_screen_section=&#8221;no&#8221; type=&#8221;full_width&#8221; angled_section=&#8221;no&#8221; text_align=&#8221;left&#8221; background_image_as_pattern=&#8221;without_pattern&#8221;][vc_column width=&#8221;1\/2&#8243; css=&#8221;.vc_custom_1474886998536{margin-top: 45px !important;margin-right: 35px !important;margin-bottom: 45px !important;margin-left: 15px !important;}&#8221;][vc_column_text]<\/p>\n<h3>Vasa Naturkost i Saluhallen<\/h3>\n<p>[\/vc_column_text][vc_separator type=&#8221;small&#8221; position=&#8221;left&#8221; color=&#8221;#739600&#8243; thickness=&#8221;7&#8243; width=&#8221;120&#8243; up=&#8221;25&#8243; down=&#8221;45&#8243;][vc_column_text]Obs! Butiken \u00e4r st\u00e4ngd. Vi koncentrerar verksamheten till butiken p\u00e5 Hovr\u00e4ttsesplanaden.<\/p>\n<p>[\/vc_column_text][vc_empty_space height=&#8221;22px&#8221;][\/vc_column][vc_column width=&#8221;1\/2&#8243; css=&#8221;.vc_custom_1476178136359{padding: 0px !important;}&#8221;][vc_single_image image=&#8221;821&#8243; img_size=&#8221;full&#8221; qode_css_animation=&#8221;&#8221;][\/vc_column][\/vc_row][vc_row css_animation=&#8221;&#8221; row_type=&#8221;row&#8221; use_row_as_full_screen_section=&#8221;no&#8221; type=&#8221;full_width&#8221; angled_section=&#8221;no&#8221; text_align=&#8221;left&#8221; background_image_as_pattern=&#8221;without_pattern&#8221; css=&#8221;.vc_custom_1474886551630{padding-top: 45px !important;padding-bottom: 45px !important;}&#8221;][vc_column]<div class=\"call_to_action normal\" style=\"background-color: #fafafa;padding-top: 69px;padding-bottom: 69px;\"><div class=\"container_inner\"><div class=\"two_columns_75_25 clearfix\"><div class=\"text_wrapper column1\"><div class=\"call_to_action_text  letter_spacing_inherit\" style=\"letter-spacing: 0px;\">\n<h5>Bekanta dig med v\u00e5r erfarna personal<\/h5>\n<\/div><\/div><div class=\"button_wrapper column2\"><a itemprop=\"url\" href=\"\/personal\" class=\"qbutton white \" target=\"\" style=\"color: #ffffff;border-color: #97c240;background-color:#97c240;\" data-hover-background-color=#222222 data-hover-border-color=#222222 data-hover-color=#ffffff>Personal<\/a><\/div><\/div><\/div><\/div>[\/vc_column][\/vc_row]<\/p>\n<\/div>","protected":false},"excerpt":{"rendered":"<p>[vc_row css_animation=&#8221;&#8221; row_type=&#8221;row&#8221; use_row_as_full_screen_section=&#8221;no&#8221; type=&#8221;full_width&#8221; angled_section=&#8221;no&#8221; text_align=&#8221;left&#8221; background_image_as_pattern=&#8221;without_pattern&#8221;][vc_column width=&#8221;1\/2&#8243; css=&#8221;.vc_custom_1476178129221{padding: 0px !important;}&#8221;][vc_single_image image=&#8221;20591&#8243; img_size=&#8221;full&#8221; alignment=&#8221;right&#8221; qode_css_animation=&#8221;&#8221;][\/vc_column][vc_column width=&#8221;1\/2&#8243; css=&#8221;.vc_custom_1474885860979{margin-top: 45px !important;margin-right: 15px !important;margin-bottom: 45px !important;margin-left: 35px !important;}&#8221;][vc_column_text] Vasa Naturkost [\/vc_column_text][vc_separator type=&#8221;small&#8221; position=&#8221;left&#8221; color=&#8221;#739600&#8243; thickness=&#8221;7&#8243; width=&#8221;120&#8243; up=&#8221;25&#8243; down=&#8221;45&#8243;][vc_column_text] V\u00e5r butik finns alldeles i centrum av Vasa, p\u00e5&#8230;<\/p>\n","protected":false},"author":2,"featured_media":0,"parent":0,"menu_order":0,"comment_status":"closed","ping_status":"closed","template":"","meta":{"_acf_changed":false,"footnotes":""},"class_list":["post-345","page","type-page","status-publish","hentry"],"acf":[],"_links":{"self":[{"href":"https:\/\/vaasanluonnonravinto.fi\/sv\/wp-json\/wp\/v2\/pages\/345","targetHints":{"allow":["GET"]}}],"collection":[{"href":"https:\/\/vaasanluonnonravinto.fi\/sv\/wp-json\/wp\/v2\/pages"}],"about":[{"href":"https:\/\/vaasanluonnonravinto.fi\/sv\/wp-json\/wp\/v2\/types\/page"}],"author":[{"embeddable":true,"href":"https:\/\/vaasanluonnonravinto.fi\/sv\/wp-json\/wp\/v2\/users\/2"}],"replies":[{"embeddable":true,"href":"https:\/\/vaasanluonnonravinto.fi\/sv\/wp-json\/wp\/v2\/comments?post=345"}],"version-history":[{"count":9,"href":"https:\/\/vaasanluonnonravinto.fi\/sv\/wp-json\/wp\/v2\/pages\/345\/revisions"}],"predecessor-version":[{"id":21871,"href":"https:\/\/vaasanluonnonravinto.fi\/sv\/wp-json\/wp\/v2\/pages\/345\/revisions\/21871"}],"wp:attachment":[{"href":"https:\/\/vaasanluonnonravinto.fi\/sv\/wp-json\/wp\/v2\/media?parent=345"}],"curies":[{"name":"wp","href":"https:\/\/api.w.org\/{rel}","templated":true}]}}