{"id":344,"date":"2016-10-12T09:49:47","date_gmt":"2016-10-12T06:49:47","guid":{"rendered":"https:\/\/vaasanluonnonravinto.fi\/?page_id=344&#038;lang=sv"},"modified":"2019-04-30T12:38:10","modified_gmt":"2019-04-30T09:38:10","slug":"om-oss","status":"publish","type":"page","link":"https:\/\/vaasanluonnonravinto.fi\/sv\/om-oss\/","title":{"rendered":"Om oss"},"content":{"rendered":"<div class=\"wpb-content-wrapper\"><p>[vc_row css_animation=&#8221;&#8221; row_type=&#8221;row&#8221; use_row_as_full_screen_section=&#8221;no&#8221; type=&#8221;full_width&#8221; angled_section=&#8221;no&#8221; text_align=&#8221;left&#8221; background_image_as_pattern=&#8221;without_pattern&#8221;][vc_column width=&#8221;1\/2&#8243;][vc_single_image image=&#8221;312&#8243; img_size=&#8221;full&#8221; qode_css_animation=&#8221;element_from_left&#8221; transition_delay=&#8221;0.5&#8243;][\/vc_column][vc_column width=&#8221;1\/2&#8243;][vc_column_text]<\/p>\n<h1>Vasa Naturkost<\/h1>\n<p>[\/vc_column_text][vc_separator type=&#8221;small&#8221; position=&#8221;left&#8221; color=&#8221;#739600&#8243; thickness=&#8221;6&#8243; width=&#8221;120&#8243; up=&#8221;15&#8243; down=&#8221;25&#8243;][vc_column_text]Vasa Naturkost \u00e4r en av de \u00e4ldsta h\u00e4lsokostaff\u00e4rerna i Finland. V\u00e5r f\u00f6rsta butik grundades redan 1959 och sedan 1984 har den varit i samma familjs \u00e4go. I dag har vi butik i centrum av Vasa \u2013 huvudbutiken finns i Hartmans hus (Hovr\u00e4ttsesplanaden 15).[\/vc_column_text][vc_empty_space height=&#8221;22px&#8221;][vc_column_text]V\u00e4lkommen att bekanta dig med v\u00e5rt stora urval av h\u00e4lso- och naturprodukter! Legitimerade fytonomer, kostr\u00e5dgivare och kunninga h\u00e4lsokostf\u00f6rs\u00e4ljare hj\u00e4lper dig att hitta r\u00e4tt i produktdjungeln. Vi har ett stort sortiment av bl a kosttillskott, registrerade naturl\u00e4kemedel, livsmedel, kosmetik och superfood. Dessutom s\u00e4ljer vi bla homeopatiska medel. Vi s\u00e4nder varor mot postf\u00f6rskott, s\u00e5 kontakta oss g\u00e4rna ifall du inte har m\u00f6jlighet att personligen komma in.[\/vc_column_text][\/vc_column][\/vc_row][vc_row css_animation=&#8221;element_from_bottom&#8221; row_type=&#8221;row&#8221; use_row_as_full_screen_section=&#8221;no&#8221; type=&#8221;full_width&#8221; angled_section=&#8221;no&#8221; text_align=&#8221;left&#8221; background_image_as_pattern=&#8221;without_pattern&#8221; padding_top=&#8221;45&#8243; padding_bottom=&#8221;45&#8243; transition_delay=&#8221;50&#8243;][vc_column]<div class=\"call_to_action normal\" style=\"background-color: #fafafa;padding-top: 69px;padding-bottom: 69px;\"><div class=\"container_inner\"><div class=\"two_columns_75_25 clearfix\"><div class=\"text_wrapper column1\"><div class=\"call_to_action_text  letter_spacing_inherit\" style=\"letter-spacing: 0px;\">\n<h5>Bekanta dig med v\u00e5r erfarna personal<\/h5>\n<\/div><\/div><div class=\"button_wrapper column2\"><a itemprop=\"url\" href=\"\/personal\" class=\"qbutton white \" target=\"\" style=\"color: #ffffff;border-color: #97c240;background-color:#97c240;\" data-hover-background-color=#222222 data-hover-border-color=#222222 data-hover-color=#ffffff>Personal<\/a><\/div><\/div><\/div><\/div>[\/vc_column][\/vc_row]<\/p>\n<\/div>","protected":false},"excerpt":{"rendered":"<p>[vc_row css_animation=&#8221;&#8221; row_type=&#8221;row&#8221; use_row_as_full_screen_section=&#8221;no&#8221; type=&#8221;full_width&#8221; angled_section=&#8221;no&#8221; text_align=&#8221;left&#8221; background_image_as_pattern=&#8221;without_pattern&#8221;][vc_column width=&#8221;1\/2&#8243;][vc_single_image image=&#8221;312&#8243; img_size=&#8221;full&#8221; qode_css_animation=&#8221;element_from_left&#8221; transition_delay=&#8221;0.5&#8243;][\/vc_column][vc_column width=&#8221;1\/2&#8243;][vc_column_text] Vasa Naturkost [\/vc_column_text][vc_separator type=&#8221;small&#8221; position=&#8221;left&#8221; color=&#8221;#739600&#8243; thickness=&#8221;6&#8243; width=&#8221;120&#8243; up=&#8221;15&#8243; down=&#8221;25&#8243;][vc_column_text]Vasa Naturkost \u00e4r en av de \u00e4ldsta h\u00e4lsokostaff\u00e4rerna i Finland. V\u00e5r f\u00f6rsta butik grundades redan 1959 och sedan 1984 har den varit&#8230;<\/p>\n","protected":false},"author":2,"featured_media":0,"parent":0,"menu_order":0,"comment_status":"closed","ping_status":"closed","template":"","meta":{"_acf_changed":false,"footnotes":""},"class_list":["post-344","page","type-page","status-publish","hentry"],"acf":[],"_links":{"self":[{"href":"https:\/\/vaasanluonnonravinto.fi\/sv\/wp-json\/wp\/v2\/pages\/344","targetHints":{"allow":["GET"]}}],"collection":[{"href":"https:\/\/vaasanluonnonravinto.fi\/sv\/wp-json\/wp\/v2\/pages"}],"about":[{"href":"https:\/\/vaasanluonnonravinto.fi\/sv\/wp-json\/wp\/v2\/types\/page"}],"author":[{"embeddable":true,"href":"https:\/\/vaasanluonnonravinto.fi\/sv\/wp-json\/wp\/v2\/users\/2"}],"replies":[{"embeddable":true,"href":"https:\/\/vaasanluonnonravinto.fi\/sv\/wp-json\/wp\/v2\/comments?post=344"}],"version-history":[{"count":1,"href":"https:\/\/vaasanluonnonravinto.fi\/sv\/wp-json\/wp\/v2\/pages\/344\/revisions"}],"predecessor-version":[{"id":3242,"href":"https:\/\/vaasanluonnonravinto.fi\/sv\/wp-json\/wp\/v2\/pages\/344\/revisions\/3242"}],"wp:attachment":[{"href":"https:\/\/vaasanluonnonravinto.fi\/sv\/wp-json\/wp\/v2\/media?parent=344"}],"curies":[{"name":"wp","href":"https:\/\/api.w.org\/{rel}","templated":true}]}}