{"id":20905,"date":"2021-04-09T13:44:29","date_gmt":"2021-04-09T10:44:29","guid":{"rendered":"https:\/\/vaasanluonnonravinto.fi\/?page_id=20905"},"modified":"2024-10-01T14:32:28","modified_gmt":"2024-10-01T11:32:28","slug":"harmineralanalys","status":"publish","type":"page","link":"https:\/\/vaasanluonnonravinto.fi\/sv\/harmineralanalys\/","title":{"rendered":"H\u00e5rmineralanalys"},"content":{"rendered":"<div class=\"wpb-content-wrapper\"><p>[vc_row css_animation=&#8221;&#8221; row_type=&#8221;row&#8221; use_row_as_full_screen_section=&#8221;yes&#8221; type=&#8221;full_width&#8221; angled_section=&#8221;no&#8221; text_align=&#8221;left&#8221; background_image_as_pattern=&#8221;without_pattern&#8221; z_index=&#8221;&#8221;][vc_column]\t\t\t<script src=\"\/\/vaasanluonnonravinto.fi\/wp-content\/plugins\/revslider\/sr6\/assets\/js\/rbtools.min.js?rev=6.7.39\"><\/script>\n\t\t\t<script src=\"\/\/vaasanluonnonravinto.fi\/wp-content\/plugins\/revslider\/sr6\/assets\/js\/rs6.min.js?rev=6.7.39\"><\/script>\n\n\t\t\t<!-- START H\u00c5RMINERALANALYS sve REVOLUTION SLIDER 6.7.39 --><p class=\"rs-p-wp-fix\"><\/p>\n\t\t\t<rs-module-wrap id=\"rev_slider_12_1_wrapper\" data-source=\"gallery\" style=\"visibility:hidden;background:transparent;padding:0;margin:0px auto;margin-top:0;margin-bottom:0;\">\n\t\t\t\t<rs-module id=\"rev_slider_12_1\" style=\"\" data-version=\"6.7.39\">\n\t\t\t\t\t<rs-slides style=\"overflow: hidden; position: absolute;\">\n\t\t\t\t\t\t<rs-slide style=\"position: absolute;\" data-key=\"rs-107\" data-title=\"Slide\" data-anim=\"ms:600;r:0;\" data-in=\"o:0;\" data-out=\"a:false;\">\n\t\t\t\t\t\t\t<img decoding=\"async\" src=\"\/\/vaasanluonnonravinto.fi\/wp-content\/plugins\/revslider\/sr6\/assets\/assets\/dummy.png\" alt=\"\" title=\"\uadf8\ub9bc4-3\" width=\"2624\" height=\"1182\" class=\"rev-slidebg tp-rs-img rs-lazyload\" data-lazyload=\"\/\/vaasanluonnonravinto.fi\/wp-content\/uploads\/2021\/04\/\uadf8\ub9bc4-3.png\" data-bg=\"p:center bottom;\" data-no-retina>\n<!---->\t\t\t\t\t<\/rs-slide>\n\t\t\t\t\t<\/rs-slides>\n\t\t\t\t<\/rs-module>\n\t\t\t\t<script>\n\t\t\t\t\tsetREVStartSize({c: 'rev_slider_12_1',rl:[1240,1024,778,480],el:[1000],gw:[2624],gh:[1000],type:'standard',justify:'',layout:'fullwidth',mh:\"0\"});if (window.RS_MODULES!==undefined && window.RS_MODULES.modules!==undefined && window.RS_MODULES.modules[\"revslider121\"]!==undefined) {window.RS_MODULES.modules[\"revslider121\"].once = false;window.revapi12 = undefined;if (window.RS_MODULES.checkMinimal!==undefined) window.RS_MODULES.checkMinimal()}\n\t\t\t\t<\/script>\n\t\t\t<\/rs-module-wrap>\n\t\t\t<!-- END REVOLUTION SLIDER -->\n[vc_empty_space height=&#8221;20px&#8221;][\/vc_column][\/vc_row][vc_row css_animation=&#8221;&#8221; row_type=&#8221;row&#8221; use_row_as_full_screen_section=&#8221;yes&#8221; type=&#8221;full_width&#8221; angled_section=&#8221;no&#8221; text_align=&#8221;left&#8221; background_image_as_pattern=&#8221;without_pattern&#8221; z_index=&#8221;&#8221;][vc_column][qode_content_slider auto_rotate=&#8221;5&#8243; enable_drag=&#8221;yes&#8221; direction_nav=&#8221;yes&#8221; control_nav=&#8221;yes&#8221; control_nav_justify=&#8221;yes&#8221; pause_on_hover=&#8221;yes&#8221;][qode_content_slider_item][vc_row_inner row_type=&#8221;row&#8221; type=&#8221;full_width&#8221; text_align=&#8221;left&#8221; css_animation=&#8221;&#8221;][vc_column_inner width=&#8221;1\/2&#8243; css=&#8221;.vc_custom_1618246479188{border-top-width: 20px !important;}&#8221;][vc_column_text]<\/p>\n<h4><strong>\u00a0VEM<\/strong><\/h4>\n<hr \/>\n<h5>Alla kan ha nytta av att g\u00f6ra en h\u00e5rmineralanalys. Resultatet ger en god inblick i den egna h\u00e4lsan. Den som har mest nytta av att g\u00f6ra en h\u00e5rmineralanalys \u00e4r en person som:<\/h5>\n<p>&nbsp;<\/p>\n<h5>\u00b7 M\u00e5r d\u00e5ligt utan att hitta orsaken<\/h5>\n<h5>\u00b7 Stressar mycket (fysiskt eller psykiskt)<\/h5>\n<h5>\u00b7 \u00c4ter en obalanserad diet<\/h5>\n<h5>\u00b7 Tar kosttillskott<\/h5>\n<h5>\u00b7 Vill f\u00f6rebygga sjukdomar<\/h5>\n<h5>\u00b7\u00a0\u00c4r s\u00e4rskilt intresserade av sin egen h\u00e4lsa<\/h5>\n<h5>\u00b7 Kan ha medf\u00f6dda obalanser<\/h5>\n<p>[\/vc_column_text][\/vc_column_inner][vc_column_inner width=&#8221;1\/2&#8243; css=&#8221;.vc_custom_1618246484796{border-top-width: 20px !important;}&#8221;][vc_column_text]<\/p>\n<h4><strong>\u00a0VAD<\/strong><\/h4>\n<hr \/>\n<h5>Analysresultatet ger en bra bild av kroppens inre milj\u00f6. Den avsl\u00f6jar kroppens n\u00e4ringsstatus, metaboliska typ, viktiga hormonbalanser och visar hur effektivt kroppen hanterar de olika n\u00e4rings\u00e4mnena. Den visar \u00e4ven ansamling av tungmetaller och toxiciteter son t.ex. kvicksilver, bly och arsenik samt hur v\u00e4l man avgiftar dessa.<\/h5>\n<p>&nbsp;<\/p>\n<h5>Efter flera miljoner h\u00e5rmineralanalyser, inklusive mer \u00e4n 100000 i Sverige, har Trace Elements Inc, skapat ett unikt system f\u00f6r att analysera testerna och resultaten. Detta presenteras i en personlig analys- rapport som i detalj visar de faktiska resultaten med insiktsfulla och individanpassade slutsatser, r\u00e5d och v\u00e4gledning om s\u00e5v\u00e4l kosth\u00e5llning som skr\u00e4ddarsydda kosttillskottsprogram.<\/h5>\n<p>[\/vc_column_text][\/vc_column_inner][\/vc_row_inner][\/qode_content_slider_item][qode_content_slider_item][vc_row_inner row_type=&#8221;row&#8221; type=&#8221;full_width&#8221; text_align=&#8221;left&#8221; css_animation=&#8221;&#8221;][vc_column_inner width=&#8221;1\/2&#8243; css=&#8221;.vc_custom_1618246493332{border-top-width: 20px !important;}&#8221;][vc_column_text]<\/p>\n<h4><strong>\u00a0HUR<\/strong><\/h4>\n<hr \/>\n<h5>H\u00e5rprovet klipps fr\u00e5n nackloben (ca 150 mg), endast 2-3 cm av de h\u00e5r som \u00e4r n\u00e4rmast h\u00e5rbotten anv\u00e4nds. Efter ca 3 veckor \u00e4r analysen klar och tillsammans med terapeuten g\u00e5r ni igenom resultatet vid en personlig konsultation. Konsultationen brukar ta ca 30-60 min.<\/h5>\n<p>&nbsp;<\/p>\n<h5>OBS! Permanentat, f\u00e4rgat eller blekt h\u00e5r kan inte anv\u00e4ndas. Inv\u00e4nta ny utv\u00e4xt av h\u00e5ret under ca 6-8 veckor. Anv\u00e4nd ej heller medicinska schampon innan provtagningstillf\u00e4llet.<\/h5>\n<p>[\/vc_column_text][\/vc_column_inner][vc_column_inner width=&#8221;1\/2&#8243; css=&#8221;.vc_custom_1618246497772{border-top-width: 20px !important;}&#8221;][vc_column_text]<\/p>\n<h4><strong>\u00a0VARF\u00d6R<\/strong><\/h4>\n<hr \/>\n<h5>Med h\u00e5rmineralanalysen kan man p\u00e5 ett unikt s\u00e4tt f\u00f6rst\u00e5 den inre milj\u00f6n i kroppen under en l\u00e4ngre tidsperiod. Den kan ocks\u00e5 avsl\u00f6ja eventuella problem innan kliniska symtom upptr\u00e4der. D\u00e4rf\u00f6r ger analysen en god grund f\u00f6r att f\u00f6rebygga oh\u00e4lsa.<\/h5>\n<p>&nbsp;<\/p>\n<h5>Att ta ett h\u00e5rprov \u00e4r en enkel och tillf\u00f6rlitlig metod att analysera dina mineralv\u00e4rden. Detta ger medelv\u00e4rden f\u00f6r de senaste 2-3 m\u00e5naderna j\u00e4mf\u00f6rt med blodprover som ger information om vad som finns i ditt blod vid tidpunkten f\u00f6r provtagningen. Urinprov visar vad som uts\u00f6ndras via urinen vid provtagningstillf\u00e4llet, inte vad som absorberas i kroppen.<\/h5>\n<p>&nbsp;<\/p>\n<h5>Med andra ord, d\u00e4r blod- och urinprover ger \u00f6gonblicksbilder ger h\u00e5rmineralanalyser en bild som visar situationen \u00f6ver tid.<\/h5>\n<p>&nbsp;<\/p>\n<h5>Kliniska studier visar att ett korrekt samlat h\u00e5rprov avsl\u00f6jar kroppens niv\u00e5er av mineraler, vitaminer och eventuella tungmetaller, s\u00e5som t.ex. kvicksilver, bly och uran.<\/h5>\n<p>[\/vc_column_text][vc_empty_space height=&#8221;10px&#8221;][\/vc_column_inner][\/vc_row_inner][\/qode_content_slider_item][qode_content_slider_item][vc_row_inner row_type=&#8221;row&#8221; type=&#8221;full_width&#8221; text_align=&#8221;left&#8221; css_animation=&#8221;&#8221;][vc_column_inner width=&#8221;1\/2&#8243; css=&#8221;.vc_custom_1618246502902{border-top-width: 20px !important;}&#8221;][vc_column_text]<\/p>\n<h4><strong>\u00a0ALLTS\u00c5:<\/strong><\/h4>\n<hr \/>\n<h5>En h\u00e5rmineralanalys kartl\u00e4gger n\u00e4ringsbalansen i din kropp \u00f6ver tid. Den avsl\u00f6jar d\u00e4rf\u00f6r unik och viktig information om din h\u00e4lsostatus.<\/h5>\n<p>&nbsp;<\/p>\n<h5>Du f\u00e5r personanpassade r\u00e5d om kosth\u00e5llning, konkreta f\u00f6rslag f\u00f6r att f\u00f6rb\u00e4ttra din h\u00e4lsa och ett rekommenderat kosttillskottsprogram skr\u00e4ddarsytt f\u00f6r just dig.<\/h5>\n<h5>Dessa produkter marknadsf\u00f6rs i Sverige av Alpha Plus AB.<\/h5>\n<p>&nbsp;<\/p>\n<h5>Mer information om produkterna hittar du p\u00e5 www.alpha-plus.se.<\/h5>\n<p>[\/vc_column_text][\/vc_column_inner][vc_column_inner width=&#8221;1\/2&#8243; css=&#8221;.vc_custom_1618246509659{border-top-width: 20px !important;}&#8221;][vc_column_text]<\/p>\n<h4><strong>\u00a0UNDRAR DU VARF\u00d6R?<\/strong><\/h4>\n<hr \/>\n<h5>\u00b7 Du \u00e4r st\u00e4ndigt tr\u00f6tt?<\/h5>\n<h5>\u00b7 Din tr\u00e4ning inte ger f\u00f6rv\u00e4ntat resultat?<\/h5>\n<h5>\u00b7 Du alltid \u00e4r sugen p\u00e5 choklad, eller annan f\u00f6da?<\/h5>\n<h5>\u00b7 Din sexlust minskar?<\/h5>\n<h5>\u00b7 Du har blivit ljudk\u00e4nslig?<\/h5>\n<h5>\u00b7 Du har sv\u00e5rt att bli gravid?<\/h5>\n<h5>\u00b7 Du har sv\u00e5rt att slappna av?<\/h5>\n<h5>\u00b7 Du har besv\u00e4r med s\u00f6mnen?<\/h5>\n<h5>\u00b7 Du har sv\u00e5r PMS?<\/h5>\n<p>&nbsp;<\/p>\n<h4 style=\"text-align: left;\"><strong>\u00a0Svaret kan finnas i H\u00e5ret!<\/strong><\/h4>\n<p>[\/vc_column_text][\/vc_column_inner][\/vc_row_inner][\/qode_content_slider_item][\/qode_content_slider][vc_empty_space][\/vc_column][\/vc_row][vc_row css_animation=&#8221;&#8221; row_type=&#8221;row&#8221; use_row_as_full_screen_section=&#8221;yes&#8221; type=&#8221;full_width&#8221; angled_section=&#8221;no&#8221; text_align=&#8221;left&#8221; background_image_as_pattern=&#8221;without_pattern&#8221; z_index=&#8221;&#8221; background_color=&#8221;#e0e0e0&#8243;][vc_column width=&#8221;1\/2&#8243;][vc_empty_space height=&#8221;50px&#8221;][vc_column_text]<\/p>\n<h4 style=\"text-align: center;\">Mer information<\/h4>\n<p>[\/vc_column_text][vc_empty_space height=&#8221;20px&#8221;][vc_row_inner row_type=&#8221;row&#8221; type=&#8221;full_width&#8221; text_align=&#8221;left&#8221; css_animation=&#8221;&#8221;][vc_column_inner width=&#8221;1\/2&#8243;][vc_single_image image=&#8221;20675&#8243; img_size=&#8221;medium&#8221; style=&#8221;vc_box_circle&#8221; qode_css_animation=&#8221;&#8221;][vc_empty_space height=&#8221;10px&#8221;][vc_column_text]<\/p>\n<h4 style=\"text-align: center;\"><strong>Anette<\/strong><\/h4>\n<p>[\/vc_column_text][\/vc_column_inner][vc_column_inner width=&#8221;1\/2&#8243;][vc_empty_space height=&#8221;10px&#8221;][\/vc_column_inner][\/vc_row_inner][vc_column_text css=&#8221;&#8221;]<\/p>\n<h5 style=\"text-align: left;\">Naturkost har en certifierad h\u00e5rmineralterapeut, Anette. I maj 2019 inledde jag mina studier hos NutriTech i Stockholm och efter att f\u00f6rst ha blivit licensierade terapeut blev jag i april 2021 certifierad terapeut.<\/h5>\n<h5 style=\"text-align: left;\">Konsultationerna och h\u00e5rklippningen sker i Naturkosts utrymmen och h\u00e5rproven skickas till USA via G\u00f6teborg.<\/h5>\n<p>&nbsp;<\/p>\n<h5 style=\"text-align: left;\">En h\u00e5rmineralanalys kostar 180\u20ac.<\/h5>\n<p>&nbsp;<\/p>\n<h5 style=\"text-align: left;\">Ring 06-3174493 f\u00f6r att boka tid eller st\u00e4lla fr\u00e5gor om analysen. Eller s\u00e5 \u00e4r du v\u00e4lkommen in till oss och diskutera!<\/h5>\n<h5 style=\"text-align: left;\">V\u00e4lkommen!<\/h5>\n<p>[\/vc_column_text][vc_empty_space height=&#8221;20px&#8221;][vc_column_text]<\/p>\n<h5 style=\"text-align: center;\"><strong><a href=\"https:\/\/www.nutritech.se\/\" target=\"_blank\" rel=\"noopener noreferrer\"><span style=\"vertical-align: inherit;\"><span style=\"vertical-align: inherit;\"><span style=\"vertical-align: inherit;\"><span style=\"vertical-align: inherit;\">https:\/\/www.nutritech.se\/\u00a0 \u00a0 \u00a0 \u00a0 \u00a0\u00a0<\/span><\/span><\/span><\/span><\/a><\/strong><strong><a href=\"https:\/\/alpha-plus.se\/\" target=\"_blank\" rel=\"noopener noreferrer\"><span style=\"vertical-align: inherit;\"><span style=\"vertical-align: inherit;\"> https:\/\/alpha-plus.se\/<\/span><\/span><\/a><\/strong><\/h5>\n<p>[\/vc_column_text][\/vc_column][vc_column width=&#8221;1\/2&#8243;][vc_empty_space height=&#8221;50px&#8221;][vc_column_text]Om du undrar \u00f6ver n\u00e5got, kontakta oss p\u00e5 email\u00a0<strong><a href=\"mailto:info@vaasanluonnonravinto.fi\">info@vaasanluonnonravinto.f<\/a>i<\/strong>\u00a0. Du kan \u00e4ven n\u00e5 oss per telefon p\u00e5 nummer <strong>06-3174493.<\/strong>[\/vc_column_text]<script type=\"text\/javascript\">\n\/* <![CDATA[ *\/\nvar gform;gform||(document.addEventListener(\"gform_main_scripts_loaded\",function(){gform.scriptsLoaded=!0}),document.addEventListener(\"gform\/theme\/scripts_loaded\",function(){gform.themeScriptsLoaded=!0}),window.addEventListener(\"DOMContentLoaded\",function(){gform.domLoaded=!0}),gform={domLoaded:!1,scriptsLoaded:!1,themeScriptsLoaded:!1,isFormEditor:()=>\"function\"==typeof InitializeEditor,callIfLoaded:function(o){return!(!gform.domLoaded||!gform.scriptsLoaded||!gform.themeScriptsLoaded&&!gform.isFormEditor()||(gform.isFormEditor()&&console.warn(\"The use of gform.initializeOnLoaded() is deprecated in the form editor context and will be removed in Gravity Forms 3.1.\"),o(),0))},initializeOnLoaded:function(o){gform.callIfLoaded(o)||(document.addEventListener(\"gform_main_scripts_loaded\",()=>{gform.scriptsLoaded=!0,gform.callIfLoaded(o)}),document.addEventListener(\"gform\/theme\/scripts_loaded\",()=>{gform.themeScriptsLoaded=!0,gform.callIfLoaded(o)}),window.addEventListener(\"DOMContentLoaded\",()=>{gform.domLoaded=!0,gform.callIfLoaded(o)}))},hooks:{action:{},filter:{}},addAction:function(o,r,e,t){gform.addHook(\"action\",o,r,e,t)},addFilter:function(o,r,e,t){gform.addHook(\"filter\",o,r,e,t)},doAction:function(o){gform.doHook(\"action\",o,arguments)},applyFilters:function(o){return gform.doHook(\"filter\",o,arguments)},removeAction:function(o,r){gform.removeHook(\"action\",o,r)},removeFilter:function(o,r,e){gform.removeHook(\"filter\",o,r,e)},addHook:function(o,r,e,t,n){null==gform.hooks[o][r]&&(gform.hooks[o][r]=[]);var d=gform.hooks[o][r];null==n&&(n=r+\"_\"+d.length),gform.hooks[o][r].push({tag:n,callable:e,priority:t=null==t?10:t})},doHook:function(r,o,e){var t;if(e=Array.prototype.slice.call(e,1),null!=gform.hooks[r][o]&&((o=gform.hooks[r][o]).sort(function(o,r){return o.priority-r.priority}),o.forEach(function(o){\"function\"!=typeof(t=o.callable)&&(t=window[t]),\"action\"==r?t.apply(null,e):e[0]=t.apply(null,e)})),\"filter\"==r)return e[0]},removeHook:function(o,r,t,n){var e;null!=gform.hooks[o][r]&&(e=(e=gform.hooks[o][r]).filter(function(o,r,e){return!!(null!=n&&n!=o.tag||null!=t&&t!=o.priority)}),gform.hooks[o][r]=e)}});\n\/* ]]> *\/\n<\/script>\n\n                <div class='gf_browser_gecko gform_wrapper gform_legacy_markup_wrapper gform-theme--no-framework' data-form-theme='legacy' data-form-index='0' id='gform_wrapper_1' ><form method='post' enctype='multipart\/form-data'  id='gform_1'  action='\/sv\/wp-json\/wp\/v2\/pages\/20905' data-formid='1' novalidate>\n                        <div class='gform-body gform_body'><ul id='gform_fields_1' class='gform_fields top_label form_sublabel_below description_below validation_below'><li id=\"field_1_1\" class=\"gfield gfield--type-text field_sublabel_below gfield--no-description field_description_below field_validation_below gfield_visibility_visible\"  ><label class='gfield_label gform-field-label' for='input_1_1'>Nimi \/ Namn<\/label><div class='ginput_container ginput_container_text'><input name='input_1' id='input_1_1' type='text' value='' class='large'      aria-invalid=\"false\"   \/><\/div><\/li><li id=\"field_1_2\" class=\"gfield gfield--type-text gfield_contains_required field_sublabel_below gfield--no-description field_description_below field_validation_below gfield_visibility_visible\"  ><label class='gfield_label gform-field-label' for='input_1_2'>S\u00e4hk\u00f6posti \/ E-post<span class=\"gfield_required\"><span class=\"gfield_required gfield_required_asterisk\">*<\/span><\/span><\/label><div class='ginput_container ginput_container_text'><input name='input_2' id='input_1_2' type='text' value='' class='large'     aria-required=\"true\" aria-invalid=\"false\"   \/><\/div><\/li><li id=\"field_1_3\" class=\"gfield gfield--type-text field_sublabel_below gfield--no-description field_description_below field_validation_below gfield_visibility_visible\"  ><label class='gfield_label gform-field-label' for='input_1_3'>Puhelin \/ Telefon<\/label><div class='ginput_container ginput_container_text'><input name='input_3' id='input_1_3' type='text' value='' class='large'      aria-invalid=\"false\"   \/><\/div><\/li><li id=\"field_1_4\" class=\"gfield gfield--type-textarea gfield_contains_required field_sublabel_below gfield--no-description field_description_below field_validation_below gfield_visibility_visible\"  ><label class='gfield_label gform-field-label' for='input_1_4'>Viestisi \/ Meddelande<span class=\"gfield_required\"><span class=\"gfield_required gfield_required_asterisk\">*<\/span><\/span><\/label><div class='ginput_container ginput_container_textarea'><textarea name='input_4' id='input_1_4' class='textarea large'     aria-required=\"true\" aria-invalid=\"false\"   rows='10' cols='50'><\/textarea><\/div><\/li><li id=\"field_1_5\" class=\"gfield gfield--type-captcha field_sublabel_below gfield--no-description field_description_below hidden_label field_validation_below gfield_visibility_visible\"  ><label class='gfield_label gform-field-label' for='input_1_5'>CAPTCHA<\/label><div id='input_1_5' class='ginput_container ginput_recaptcha' data-sitekey='6LfP7GUUAAAAAKGPkW1-raRs80-WX4-9vo8LTJN1'  data-theme='light' data-tabindex='0'  data-badge=''><\/div><\/li><\/ul><\/div>\n        <div class='gform-footer gform_footer top_label'> <input type='submit' id='gform_submit_button_1' class='gform_button button' onclick='gform.submission.handleButtonClick(this);' data-submission-type='submit' value='L\u00e4het\u00e4 \/ skicka'  \/> \n            <input type='hidden' class='gform_hidden' name='gform_submission_method' data-js='gform_submission_method_1' value='postback' \/>\n            <input type='hidden' class='gform_hidden' name='gform_theme' data-js='gform_theme_1' id='gform_theme_1' value='legacy' \/>\n            <input type='hidden' class='gform_hidden' name='gform_style_settings' data-js='gform_style_settings_1' id='gform_style_settings_1' value='[]' \/>\n            <input type='hidden' class='gform_hidden' name='is_submit_1' value='1' \/>\n            <input type='hidden' class='gform_hidden' name='gform_submit' value='1' \/>\n            \n            <input type='hidden' class='gform_hidden' name='gform_currency' data-currency='EUR' value='5sRRjBy9wsjg3X92vrld332kjnum\/B10PI4ZAZU+TSIj76H8PB1p8\/cCv5u0o+DQH+b7hxhHn38edDB9kxM9ETogcGnpeeYIklu6nDLRHA1gVF4=' \/>\n            <input type='hidden' class='gform_hidden' name='gform_unique_id' value='' \/>\n            <input type='hidden' class='gform_hidden' name='state_1' value='WyJbXSIsImYzNjJhYTJjYTI4ZWMzMTUyM2IzZWIwNTYwZDUzNTQzIl0=' \/>\n            <input type='hidden' autocomplete='off' class='gform_hidden' name='gform_target_page_number_1' id='gform_target_page_number_1' value='0' \/>\n            <input type='hidden' autocomplete='off' class='gform_hidden' name='gform_source_page_number_1' id='gform_source_page_number_1' value='1' \/>\n            <input type='hidden' name='gform_field_values' value='' \/>\n            \n        <\/div>\n                        <\/form>\n                        <\/div><script type=\"text\/javascript\">\n\/* <![CDATA[ *\/\n gform.initializeOnLoaded( function() {gformInitSpinner( 1, 'https:\/\/vaasanluonnonravinto.fi\/wp-content\/plugins\/gravityforms\/images\/spinner.svg', true );jQuery('#gform_ajax_frame_1').on('load',function(){var contents = jQuery(this).contents().find('*').html();var is_postback = contents.indexOf('GF_AJAX_POSTBACK') >= 0;if(!is_postback){return;}var form_content = jQuery(this).contents().find('#gform_wrapper_1');var is_confirmation = jQuery(this).contents().find('#gform_confirmation_wrapper_1').length > 0;var is_redirect = contents.indexOf('gformRedirect(){') >= 0;var is_form = form_content.length > 0 && ! is_redirect && ! is_confirmation;var mt = parseInt(jQuery('html').css('margin-top'), 10) + parseInt(jQuery('body').css('margin-top'), 10) + 100;if(is_form){jQuery('#gform_wrapper_1').html(form_content.html());if(form_content.hasClass('gform_validation_error')){jQuery('#gform_wrapper_1').addClass('gform_validation_error');} else {jQuery('#gform_wrapper_1').removeClass('gform_validation_error');}setTimeout( function() { \/* delay the scroll by 50 milliseconds to fix a bug in chrome *\/  }, 50 );if(window['gformInitDatepicker']) {gformInitDatepicker();}if(window['gformInitPriceFields']) {gformInitPriceFields();}var current_page = jQuery('#gform_source_page_number_1').val();gformInitSpinner( 1, 'https:\/\/vaasanluonnonravinto.fi\/wp-content\/plugins\/gravityforms\/images\/spinner.svg', true );jQuery(document).trigger('gform_page_loaded', [1, current_page]);window['gf_submitting_1'] = false;}else if(!is_redirect){var confirmation_content = jQuery(this).contents().find('.GF_AJAX_POSTBACK').html();if(!confirmation_content){confirmation_content = contents;}jQuery('#gform_wrapper_1').replaceWith(confirmation_content);jQuery(document).trigger('gform_confirmation_loaded', [1]);window['gf_submitting_1'] = false;wp.a11y.speak(jQuery('#gform_confirmation_message_1').text());}else{jQuery('#gform_1').append(contents);if(window['gformRedirect']) {gformRedirect();}}jQuery(document).trigger(\"gform_pre_post_render\", [{ formId: \"1\", currentPage: \"current_page\", abort: function() { this.preventDefault(); } }]);        if (event && event.defaultPrevented) {                return;        }        const gformWrapperDiv = document.getElementById( \"gform_wrapper_1\" );        if ( gformWrapperDiv ) {            const visibilitySpan = document.createElement( \"span\" );            visibilitySpan.id = \"gform_visibility_test_1\";            gformWrapperDiv.insertAdjacentElement( \"afterend\", visibilitySpan );        }        const visibilityTestDiv = document.getElementById( \"gform_visibility_test_1\" );        let postRenderFired = false;        function triggerPostRender() {            if ( postRenderFired ) {                return;            }            postRenderFired = true;            gform.core.triggerPostRenderEvents( 1, current_page );            if ( visibilityTestDiv ) {                visibilityTestDiv.parentNode.removeChild( visibilityTestDiv );            }        }        function debounce( func, wait, immediate ) {            var timeout;            return function() {                var context = this, args = arguments;                var later = function() {                    timeout = null;                    if ( !immediate ) func.apply( context, args );                };                var callNow = immediate && !timeout;                clearTimeout( timeout );                timeout = setTimeout( later, wait );                if ( callNow ) func.apply( context, args );            };        }        const debouncedTriggerPostRender = debounce( function() {            triggerPostRender();        }, 200 );        if ( visibilityTestDiv && visibilityTestDiv.offsetParent === null ) {            const observer = new MutationObserver( ( mutations ) => {                mutations.forEach( ( mutation ) => {                    if ( mutation.type === 'attributes' && visibilityTestDiv.offsetParent !== null ) {                        debouncedTriggerPostRender();                        observer.disconnect();                    }                });            });            observer.observe( document.body, {                attributes: true,                childList: false,                subtree: true,                attributeFilter: [ 'style', 'class' ],            });        } else {            triggerPostRender();        }    } );} ); \n\/* ]]> *\/\n<\/script>\n[\/vc_column][\/vc_row]<\/p>\n<\/div>","protected":false},"excerpt":{"rendered":"<p>[vc_row css_animation=&#8221;&#8221; row_type=&#8221;row&#8221; use_row_as_full_screen_section=&#8221;yes&#8221; type=&#8221;full_width&#8221; angled_section=&#8221;no&#8221; text_align=&#8221;left&#8221; background_image_as_pattern=&#8221;without_pattern&#8221; z_index=&#8221;&#8221;][vc_column][vc_empty_space height=&#8221;20px&#8221;][\/vc_column][\/vc_row][vc_row css_animation=&#8221;&#8221; row_type=&#8221;row&#8221; use_row_as_full_screen_section=&#8221;yes&#8221; type=&#8221;full_width&#8221; angled_section=&#8221;no&#8221; text_align=&#8221;left&#8221; background_image_as_pattern=&#8221;without_pattern&#8221; z_index=&#8221;&#8221;][vc_column][qode_content_slider auto_rotate=&#8221;5&#8243; enable_drag=&#8221;yes&#8221; direction_nav=&#8221;yes&#8221; control_nav=&#8221;yes&#8221; control_nav_justify=&#8221;yes&#8221; pause_on_hover=&#8221;yes&#8221;][qode_content_slider_item][vc_row_inner row_type=&#8221;row&#8221; type=&#8221;full_width&#8221; text_align=&#8221;left&#8221; css_animation=&#8221;&#8221;][vc_column_inner width=&#8221;1\/2&#8243; css=&#8221;.vc_custom_1618246479188{border-top-width: 20px !important;}&#8221;][vc_column_text] \u00a0VEM Alla kan ha nytta av att g\u00f6ra en h\u00e5rmineralanalys. Resultatet ger en&#8230;<\/p>\n","protected":false},"author":3,"featured_media":0,"parent":0,"menu_order":0,"comment_status":"closed","ping_status":"closed","template":"","meta":{"_acf_changed":false,"footnotes":""},"class_list":["post-20905","page","type-page","status-publish","hentry"],"acf":[],"_links":{"self":[{"href":"https:\/\/vaasanluonnonravinto.fi\/sv\/wp-json\/wp\/v2\/pages\/20905","targetHints":{"allow":["GET"]}}],"collection":[{"href":"https:\/\/vaasanluonnonravinto.fi\/sv\/wp-json\/wp\/v2\/pages"}],"about":[{"href":"https:\/\/vaasanluonnonravinto.fi\/sv\/wp-json\/wp\/v2\/types\/page"}],"author":[{"embeddable":true,"href":"https:\/\/vaasanluonnonravinto.fi\/sv\/wp-json\/wp\/v2\/users\/3"}],"replies":[{"embeddable":true,"href":"https:\/\/vaasanluonnonravinto.fi\/sv\/wp-json\/wp\/v2\/comments?post=20905"}],"version-history":[{"count":102,"href":"https:\/\/vaasanluonnonravinto.fi\/sv\/wp-json\/wp\/v2\/pages\/20905\/revisions"}],"predecessor-version":[{"id":22109,"href":"https:\/\/vaasanluonnonravinto.fi\/sv\/wp-json\/wp\/v2\/pages\/20905\/revisions\/22109"}],"wp:attachment":[{"href":"https:\/\/vaasanluonnonravinto.fi\/sv\/wp-json\/wp\/v2\/media?parent=20905"}],"curies":[{"name":"wp","href":"https:\/\/api.w.org\/{rel}","templated":true}]}}